{"id":174,"date":"2023-09-05T19:33:12","date_gmt":"2023-09-05T19:33:12","guid":{"rendered":"https:\/\/contecmedsystem.co\/?page_id=174"},"modified":"2023-09-05T19:50:33","modified_gmt":"2023-09-05T19:50:33","slug":"certificacion-de-empresa","status":"publish","type":"page","link":"https:\/\/contecmedsystem.com.co\/index.php\/certificacion-de-empresa\/","title":{"rendered":"Certificaci\u00f3n de empresa"},"content":{"rendered":"\t\t<div data-elementor-type=\"wp-page\" data-elementor-id=\"174\" class=\"elementor elementor-174\" data-elementor-post-type=\"page\">\n\t\t\t\t\t\t\t\t\t<section class=\"elementor-section elementor-top-section elementor-element elementor-element-76fc59f elementor-section-boxed elementor-section-height-default elementor-section-height-default\" data-id=\"76fc59f\" data-element_type=\"section\">\n\t\t\t\t\t\t<div class=\"elementor-container elementor-column-gap-default\">\n\t\t\t\t\t<div class=\"elementor-column elementor-col-25 elementor-top-column elementor-element elementor-element-a31326a\" data-id=\"a31326a\" data-element_type=\"column\">\n\t\t\t<div class=\"elementor-widget-wrap elementor-element-populated\">\n\t\t\t\t\t\t\t\t<div class=\"elementor-element elementor-element-82225ce elementor-widget elementor-widget-heading\" data-id=\"82225ce\" data-element_type=\"widget\" data-widget_type=\"heading.default\">\n\t\t\t\t<div class=\"elementor-widget-container\">\n\t\t\t<style>\/*! elementor - v3.16.0 - 20-09-2023 *\/\n.elementor-heading-title{padding:0;margin:0;line-height:1}.elementor-widget-heading .elementor-heading-title[class*=elementor-size-]>a{color:inherit;font-size:inherit;line-height:inherit}.elementor-widget-heading .elementor-heading-title.elementor-size-small{font-size:15px}.elementor-widget-heading .elementor-heading-title.elementor-size-medium{font-size:19px}.elementor-widget-heading .elementor-heading-title.elementor-size-large{font-size:29px}.elementor-widget-heading .elementor-heading-title.elementor-size-xl{font-size:39px}.elementor-widget-heading .elementor-heading-title.elementor-size-xxl{font-size:59px}<\/style><h2 class=\"elementor-heading-title elementor-size-default\">Sobre nosotros<\/h2>\t\t<\/div>\n\t\t\t\t<\/div>\n\t\t\t\t<div class=\"elementor-element elementor-element-c1f4d09 elementor-nav-menu--dropdown-tablet elementor-nav-menu__text-align-aside elementor-nav-menu--toggle elementor-nav-menu--burger elementor-widget elementor-widget-nav-menu\" data-id=\"c1f4d09\" data-element_type=\"widget\" data-settings=\"{&quot;layout&quot;:&quot;vertical&quot;,&quot;submenu_icon&quot;:{&quot;value&quot;:&quot;&lt;i class=\\&quot;fas fa-caret-down\\&quot;&gt;&lt;\\\/i&gt;&quot;,&quot;library&quot;:&quot;fa-solid&quot;},&quot;toggle&quot;:&quot;burger&quot;}\" data-widget_type=\"nav-menu.default\">\n\t\t\t\t<div class=\"elementor-widget-container\">\n\t\t\t<link rel=\"stylesheet\" href=\"https:\/\/contecmedsystem.co\/wp-content\/plugins\/elementor-pro\/assets\/css\/widget-nav-menu.min.css\">\t\t\t<nav class=\"elementor-nav-menu--main elementor-nav-menu__container elementor-nav-menu--layout-vertical e--pointer-none\">\n\t\t\t\t<ul id=\"menu-1-c1f4d09\" class=\"elementor-nav-menu sm-vertical\"><li class=\"menu-item menu-item-type-custom menu-item-object-custom menu-item-189\"><a href=\"https:\/\/contecmedsystem.co\/index.php\/sobre-nosotros\/\" class=\"elementor-item menu-link\">Perfil de la empresa<\/a><\/li>\n<li class=\"menu-item menu-item-type-post_type menu-item-object-page menu-item-188\"><a href=\"https:\/\/contecmedsystem.com.co\/index.php\/entorno-de-la-empresa\/\" class=\"elementor-item menu-link\">Entorno de la empresa<\/a><\/li>\n<li class=\"menu-item menu-item-type-post_type menu-item-object-page menu-item-187\"><a href=\"https:\/\/contecmedsystem.com.co\/index.php\/certificacion-de-empresa\/\" class=\"elementor-item menu-link\">Certificaci\u00f3n de empresa<\/a><\/li>\n<\/ul>\t\t\t<\/nav>\n\t\t\t\t\t<div class=\"elementor-menu-toggle\" role=\"button\" tabindex=\"0\" aria-label=\"Menu Toggle\" aria-expanded=\"false\">\n\t\t\t<i aria-hidden=\"true\" role=\"presentation\" class=\"elementor-menu-toggle__icon--open eicon-menu-bar\"><\/i><i aria-hidden=\"true\" role=\"presentation\" class=\"elementor-menu-toggle__icon--close eicon-close\"><\/i>\t\t\t<span class=\"elementor-screen-only\">Menu<\/span>\n\t\t<\/div>\n\t\t\t\t\t<nav class=\"elementor-nav-menu--dropdown elementor-nav-menu__container\" aria-hidden=\"true\">\n\t\t\t\t<ul id=\"menu-2-c1f4d09\" class=\"elementor-nav-menu sm-vertical\"><li class=\"menu-item menu-item-type-custom menu-item-object-custom menu-item-189\"><a href=\"https:\/\/contecmedsystem.co\/index.php\/sobre-nosotros\/\" class=\"elementor-item menu-link\" tabindex=\"-1\">Perfil de la empresa<\/a><\/li>\n<li class=\"menu-item menu-item-type-post_type menu-item-object-page menu-item-188\"><a href=\"https:\/\/contecmedsystem.com.co\/index.php\/entorno-de-la-empresa\/\" class=\"elementor-item menu-link\" tabindex=\"-1\">Entorno de la empresa<\/a><\/li>\n<li class=\"menu-item menu-item-type-post_type menu-item-object-page menu-item-187\"><a href=\"https:\/\/contecmedsystem.com.co\/index.php\/certificacion-de-empresa\/\" class=\"elementor-item menu-link\" tabindex=\"-1\">Certificaci\u00f3n de empresa<\/a><\/li>\n<\/ul>\t\t\t<\/nav>\n\t\t\t\t<\/div>\n\t\t\t\t<\/div>\n\t\t\t\t<div class=\"elementor-element elementor-element-db001bd elementor-widget elementor-widget-heading\" data-id=\"db001bd\" data-element_type=\"widget\" data-widget_type=\"heading.default\">\n\t\t\t\t<div class=\"elementor-widget-container\">\n\t\t\t<h2 class=\"elementor-heading-title elementor-size-default\">Cont\u00e1ctenos<\/h2>\t\t<\/div>\n\t\t\t\t<\/div>\n\t\t\t\t<div class=\"elementor-element elementor-element-6abf458 elementor-widget elementor-widget-text-editor\" data-id=\"6abf458\" data-element_type=\"widget\" data-widget_type=\"text-editor.default\">\n\t\t\t\t<div class=\"elementor-widget-container\">\n\t\t\t<style>\/*! elementor - v3.16.0 - 20-09-2023 *\/\n.elementor-widget-text-editor.elementor-drop-cap-view-stacked .elementor-drop-cap{background-color:#69727d;color:#fff}.elementor-widget-text-editor.elementor-drop-cap-view-framed .elementor-drop-cap{color:#69727d;border:3px solid;background-color:transparent}.elementor-widget-text-editor:not(.elementor-drop-cap-view-default) .elementor-drop-cap{margin-top:8px}.elementor-widget-text-editor:not(.elementor-drop-cap-view-default) .elementor-drop-cap-letter{width:1em;height:1em}.elementor-widget-text-editor .elementor-drop-cap{float:left;text-align:center;line-height:1;font-size:50px}.elementor-widget-text-editor .elementor-drop-cap-letter{display:inline-block}<\/style>\t\t\t\t<div id=\"Text2114_114d37c2678ed1157a998af68125697712\" class=\"text\" data-id=\"Text2114_114d37c2678ed1157a998af68125697712\"><div><div><p>CONTEC MEDICAL SYSTEMS CO., LTD<br \/>Agregar: 112 Qinhuang West Str., E&amp;T Development Zone, Qinhuangdao, provincia de Hebei, China<br \/>Chelsea Yang<\/p><\/div><\/div><\/div><div id=\"Button11413_d858ed7a352edc24363d0b5af7e73cfe0\" class=\"Button\" data-id=\"Button11413_d858ed7a352edc24363d0b5af7e73cfe0\"><span class=\"button0_text\">Tel\u00e9fono: +86 0335 8015472<\/span><\/div><div id=\"Button11413_c9b5439f7bb7cc52a7024c99bd9b918e0\" class=\"Button\" data-id=\"Button11413_c9b5439f7bb7cc52a7024c99bd9b918e0\"><span class=\"button0_text\">Correo electr\u00f3nico: sales@contecmedsystem.com<\/span><\/div><div id=\"Button11413_8819172cc21490b2ace361461034dc1c0\" class=\"Button\" data-id=\"Button11413_8819172cc21490b2ace361461034dc1c0\"><span class=\"button0_text\">Whatsapp: +86 159 3059 6203<\/span><\/div>\t\t\t\t\t\t<\/div>\n\t\t\t\t<\/div>\n\t\t\t\t\t<\/div>\n\t\t<\/div>\n\t\t\t\t<div class=\"elementor-column elementor-col-25 elementor-top-column elementor-element elementor-element-b22e13b\" data-id=\"b22e13b\" data-element_type=\"column\">\n\t\t\t<div class=\"elementor-widget-wrap elementor-element-populated\">\n\t\t\t\t\t\t\t\t<div class=\"elementor-element elementor-element-a549d10 elementor-position-top elementor-widget elementor-widget-image-box\" data-id=\"a549d10\" data-element_type=\"widget\" data-widget_type=\"image-box.default\">\n\t\t\t\t<div class=\"elementor-widget-container\">\n\t\t\t<style>\/*! elementor - v3.16.0 - 20-09-2023 *\/\n.elementor-widget-image-box .elementor-image-box-content{width:100%}@media (min-width:768px){.elementor-widget-image-box.elementor-position-left .elementor-image-box-wrapper,.elementor-widget-image-box.elementor-position-right .elementor-image-box-wrapper{display:flex}.elementor-widget-image-box.elementor-position-right .elementor-image-box-wrapper{text-align:right;flex-direction:row-reverse}.elementor-widget-image-box.elementor-position-left .elementor-image-box-wrapper{text-align:left;flex-direction:row}.elementor-widget-image-box.elementor-position-top .elementor-image-box-img{margin:auto}.elementor-widget-image-box.elementor-vertical-align-top .elementor-image-box-wrapper{align-items:flex-start}.elementor-widget-image-box.elementor-vertical-align-middle .elementor-image-box-wrapper{align-items:center}.elementor-widget-image-box.elementor-vertical-align-bottom .elementor-image-box-wrapper{align-items:flex-end}}@media (max-width:767px){.elementor-widget-image-box .elementor-image-box-img{margin-left:auto!important;margin-right:auto!important;margin-bottom:15px}}.elementor-widget-image-box .elementor-image-box-img{display:inline-block}.elementor-widget-image-box .elementor-image-box-title a{color:inherit}.elementor-widget-image-box .elementor-image-box-wrapper{text-align:center}.elementor-widget-image-box .elementor-image-box-description{margin:0}<\/style><div class=\"elementor-image-box-wrapper\"><figure class=\"elementor-image-box-img\"><img loading=\"lazy\" decoding=\"async\" width=\"990\" height=\"850\" src=\"https:\/\/contecmedsystem.com.co\/wp-content\/uploads\/2023\/09\/1.1.webp\" class=\"attachment-full size-full wp-image-177\" alt=\"\" srcset=\"https:\/\/contecmedsystem.com.co\/wp-content\/uploads\/2023\/09\/1.1.webp 990w, https:\/\/contecmedsystem.com.co\/wp-content\/uploads\/2023\/09\/1.1-300x258.webp 300w, https:\/\/contecmedsystem.com.co\/wp-content\/uploads\/2023\/09\/1.1-768x659.webp 768w, https:\/\/contecmedsystem.com.co\/wp-content\/uploads\/2023\/09\/1.1-600x515.webp 600w\" sizes=\"auto, (max-width: 990px) 100vw, 990px\" \/><\/figure><div class=\"elementor-image-box-content\"><h3 class=\"elementor-image-box-title\">ISO13485<\/h3><\/div><\/div>\t\t<\/div>\n\t\t\t\t<\/div>\n\t\t\t\t<div class=\"elementor-element elementor-element-7513d37 elementor-position-top elementor-widget elementor-widget-image-box\" data-id=\"7513d37\" data-element_type=\"widget\" data-widget_type=\"image-box.default\">\n\t\t\t\t<div class=\"elementor-widget-container\">\n\t\t\t<div class=\"elementor-image-box-wrapper\"><figure class=\"elementor-image-box-img\"><img loading=\"lazy\" decoding=\"async\" width=\"990\" height=\"1401\" src=\"https:\/\/contecmedsystem.com.co\/wp-content\/uploads\/2023\/09\/2.4.webp\" class=\"attachment-full size-full wp-image-180\" alt=\"\" srcset=\"https:\/\/contecmedsystem.com.co\/wp-content\/uploads\/2023\/09\/2.4.webp 990w, https:\/\/contecmedsystem.com.co\/wp-content\/uploads\/2023\/09\/2.4-212x300.webp 212w, https:\/\/contecmedsystem.com.co\/wp-content\/uploads\/2023\/09\/2.4-724x1024.webp 724w, https:\/\/contecmedsystem.com.co\/wp-content\/uploads\/2023\/09\/2.4-768x1087.webp 768w, https:\/\/contecmedsystem.com.co\/wp-content\/uploads\/2023\/09\/2.4-600x849.webp 600w\" sizes=\"auto, (max-width: 990px) 100vw, 990px\" \/><\/figure><div class=\"elementor-image-box-content\"><h3 class=\"elementor-image-box-title\">ROHS<\/h3><\/div><\/div>\t\t<\/div>\n\t\t\t\t<\/div>\n\t\t\t\t\t<\/div>\n\t\t<\/div>\n\t\t\t\t<div class=\"elementor-column elementor-col-25 elementor-top-column elementor-element elementor-element-ab1447a\" data-id=\"ab1447a\" data-element_type=\"column\">\n\t\t\t<div class=\"elementor-widget-wrap elementor-element-populated\">\n\t\t\t\t\t\t\t\t<div class=\"elementor-element elementor-element-98f30dc elementor-position-top elementor-widget elementor-widget-image-box\" data-id=\"98f30dc\" data-element_type=\"widget\" data-widget_type=\"image-box.default\">\n\t\t\t\t<div class=\"elementor-widget-container\">\n\t\t\t<div class=\"elementor-image-box-wrapper\"><figure class=\"elementor-image-box-img\"><img loading=\"lazy\" decoding=\"async\" width=\"990\" height=\"850\" src=\"https:\/\/contecmedsystem.com.co\/wp-content\/uploads\/2023\/09\/2.2.webp\" class=\"attachment-full size-full wp-image-178\" alt=\"\" srcset=\"https:\/\/contecmedsystem.com.co\/wp-content\/uploads\/2023\/09\/2.2.webp 990w, https:\/\/contecmedsystem.com.co\/wp-content\/uploads\/2023\/09\/2.2-300x258.webp 300w, https:\/\/contecmedsystem.com.co\/wp-content\/uploads\/2023\/09\/2.2-768x659.webp 768w, https:\/\/contecmedsystem.com.co\/wp-content\/uploads\/2023\/09\/2.2-600x515.webp 600w\" sizes=\"auto, (max-width: 990px) 100vw, 990px\" \/><\/figure><div class=\"elementor-image-box-content\"><h3 class=\"elementor-image-box-title\">FDA<\/h3><\/div><\/div>\t\t<\/div>\n\t\t\t\t<\/div>\n\t\t\t\t<div class=\"elementor-element elementor-element-98fc8ba elementor-position-top elementor-widget elementor-widget-image-box\" data-id=\"98fc8ba\" data-element_type=\"widget\" data-widget_type=\"image-box.default\">\n\t\t\t\t<div class=\"elementor-widget-container\">\n\t\t\t<div class=\"elementor-image-box-wrapper\"><figure class=\"elementor-image-box-img\"><img loading=\"lazy\" decoding=\"async\" width=\"990\" height=\"1401\" src=\"https:\/\/contecmedsystem.com.co\/wp-content\/uploads\/2023\/09\/2.5.webp\" class=\"attachment-full size-full wp-image-182\" alt=\"\" srcset=\"https:\/\/contecmedsystem.com.co\/wp-content\/uploads\/2023\/09\/2.5.webp 990w, https:\/\/contecmedsystem.com.co\/wp-content\/uploads\/2023\/09\/2.5-212x300.webp 212w, https:\/\/contecmedsystem.com.co\/wp-content\/uploads\/2023\/09\/2.5-724x1024.webp 724w, https:\/\/contecmedsystem.com.co\/wp-content\/uploads\/2023\/09\/2.5-768x1087.webp 768w, https:\/\/contecmedsystem.com.co\/wp-content\/uploads\/2023\/09\/2.5-600x849.webp 600w\" sizes=\"auto, (max-width: 990px) 100vw, 990px\" \/><\/figure><div class=\"elementor-image-box-content\"><h3 class=\"elementor-image-box-title\">ESTO<\/h3><\/div><\/div>\t\t<\/div>\n\t\t\t\t<\/div>\n\t\t\t\t\t<\/div>\n\t\t<\/div>\n\t\t\t\t<div class=\"elementor-column elementor-col-25 elementor-top-column elementor-element elementor-element-f4060ee\" data-id=\"f4060ee\" data-element_type=\"column\">\n\t\t\t<div class=\"elementor-widget-wrap elementor-element-populated\">\n\t\t\t\t\t\t\t\t<div class=\"elementor-element elementor-element-40ef5f7 elementor-position-top elementor-widget elementor-widget-image-box\" data-id=\"40ef5f7\" data-element_type=\"widget\" data-widget_type=\"image-box.default\">\n\t\t\t\t<div class=\"elementor-widget-container\">\n\t\t\t<div class=\"elementor-image-box-wrapper\"><figure class=\"elementor-image-box-img\"><img loading=\"lazy\" decoding=\"async\" width=\"990\" height=\"1281\" src=\"https:\/\/contecmedsystem.com.co\/wp-content\/uploads\/2023\/09\/2.3.webp\" class=\"attachment-full size-full wp-image-179\" alt=\"\" srcset=\"https:\/\/contecmedsystem.com.co\/wp-content\/uploads\/2023\/09\/2.3.webp 990w, https:\/\/contecmedsystem.com.co\/wp-content\/uploads\/2023\/09\/2.3-232x300.webp 232w, https:\/\/contecmedsystem.com.co\/wp-content\/uploads\/2023\/09\/2.3-791x1024.webp 791w, https:\/\/contecmedsystem.com.co\/wp-content\/uploads\/2023\/09\/2.3-768x994.webp 768w, https:\/\/contecmedsystem.com.co\/wp-content\/uploads\/2023\/09\/2.3-600x776.webp 600w\" sizes=\"auto, (max-width: 990px) 100vw, 990px\" \/><\/figure><div class=\"elementor-image-box-content\"><h3 class=\"elementor-image-box-title\">CERTIFICADO DE CANAD\u00c1<\/h3><\/div><\/div>\t\t<\/div>\n\t\t\t\t<\/div>\n\t\t\t\t<div class=\"elementor-element elementor-element-12b3b5c elementor-position-top elementor-widget elementor-widget-image-box\" data-id=\"12b3b5c\" data-element_type=\"widget\" data-widget_type=\"image-box.default\">\n\t\t\t\t<div class=\"elementor-widget-container\">\n\t\t\t<div class=\"elementor-image-box-wrapper\"><figure class=\"elementor-image-box-img\"><img loading=\"lazy\" decoding=\"async\" width=\"990\" height=\"1400\" src=\"https:\/\/contecmedsystem.com.co\/wp-content\/uploads\/2023\/09\/2.6.webp\" class=\"attachment-full size-full wp-image-183\" alt=\"\" srcset=\"https:\/\/contecmedsystem.com.co\/wp-content\/uploads\/2023\/09\/2.6.webp 990w, https:\/\/contecmedsystem.com.co\/wp-content\/uploads\/2023\/09\/2.6-212x300.webp 212w, https:\/\/contecmedsystem.com.co\/wp-content\/uploads\/2023\/09\/2.6-724x1024.webp 724w, https:\/\/contecmedsystem.com.co\/wp-content\/uploads\/2023\/09\/2.6-768x1086.webp 768w, https:\/\/contecmedsystem.com.co\/wp-content\/uploads\/2023\/09\/2.6-600x848.webp 600w\" sizes=\"auto, (max-width: 990px) 100vw, 990px\" \/><\/figure><div class=\"elementor-image-box-content\"><h3 class=\"elementor-image-box-title\">Certificado ISO13485<\/h3><\/div><\/div>\t\t<\/div>\n\t\t\t\t<\/div>\n\t\t\t\t\t<\/div>\n\t\t<\/div>\n\t\t\t\t\t\t\t<\/div>\n\t\t<\/section>\n\t\t\t\t\t\t\t<\/div>\n\t\t","protected":false},"excerpt":{"rendered":"<p>Sobre nosotros Cont\u00e1ctenos CONTEC MEDICAL SYSTEMS CO., LTDAgregar: 112 Qinhuang West Str., E&amp;T Development Zone, Qinhuangdao, provincia de Hebei, ChinaChelsea Yang Tel\u00e9fono: +86 0335 8015472Correo electr\u00f3nico: sales@contecmedsystem.comWhatsapp: +86 159 3059 6203 ISO13485 ROHS FDA ESTO CERTIFICADO DE CANAD\u00c1 Certificado ISO13485<\/p>\n","protected":false},"author":1,"featured_media":0,"parent":0,"menu_order":0,"comment_status":"closed","ping_status":"closed","template":"elementor_header_footer","meta":{"site-sidebar-layout":"no-sidebar","site-content-layout":"","ast-site-content-layout":"full-width-container","site-content-style":"default","site-sidebar-style":"default","ast-global-header-display":"","ast-banner-title-visibility":"","ast-main-header-display":"","ast-hfb-above-header-display":"","ast-hfb-below-header-display":"","ast-hfb-mobile-header-display":"","site-post-title":"disabled","ast-breadcrumbs-content":"","ast-featured-img":"disabled","footer-sml-layout":"","theme-transparent-header-meta":"","adv-header-id-meta":"","stick-header-meta":"","header-above-stick-meta":"","header-main-stick-meta":"","header-below-stick-meta":"","astra-migrate-meta-layouts":"","footnotes":""},"class_list":["post-174","page","type-page","status-publish","hentry"],"yoast_head":"<!-- This site is optimized with the Yoast SEO plugin v21.2 - https:\/\/yoast.com\/wordpress\/plugins\/seo\/ -->\n<title>Certificaci\u00f3n de empresa - Contec Med System<\/title>\n<meta name=\"robots\" content=\"index, follow, max-snippet:-1, max-image-preview:large, max-video-preview:-1\" \/>\n<link rel=\"canonical\" href=\"https:\/\/contecmedsystem.com.co\/index.php\/certificacion-de-empresa\/\" \/>\n<meta property=\"og:locale\" content=\"es_ES\" \/>\n<meta property=\"og:type\" content=\"article\" \/>\n<meta property=\"og:title\" content=\"Certificaci\u00f3n de empresa - Contec Med System\" \/>\n<meta property=\"og:description\" content=\"Sobre nosotros Cont\u00e1ctenos CONTEC MEDICAL SYSTEMS CO., LTDAgregar: 112 Qinhuang West Str., E&amp;T Development Zone, Qinhuangdao, provincia de Hebei, ChinaChelsea Yang Tel\u00e9fono: +86 0335 8015472Correo electr\u00f3nico: sales@contecmedsystem.comWhatsapp: +86 159 3059 6203 ISO13485 ROHS FDA ESTO CERTIFICADO DE CANAD\u00c1 Certificado ISO13485\" \/>\n<meta property=\"og:url\" content=\"https:\/\/contecmedsystem.com.co\/index.php\/certificacion-de-empresa\/\" \/>\n<meta property=\"og:site_name\" content=\"Contec Med System\" \/>\n<meta property=\"article:modified_time\" content=\"2023-09-05T19:50:33+00:00\" \/>\n<meta property=\"og:image\" content=\"https:\/\/contecmedsystem.co\/wp-content\/uploads\/2023\/09\/1.1.webp\" \/>\n<meta name=\"twitter:card\" content=\"summary_large_image\" \/>\n<meta name=\"twitter:label1\" content=\"Tiempo de lectura\" \/>\n\t<meta name=\"twitter:data1\" content=\"2 minutos\" \/>\n<script type=\"application\/ld+json\" class=\"yoast-schema-graph\">{\"@context\":\"https:\/\/schema.org\",\"@graph\":[{\"@type\":\"WebPage\",\"@id\":\"https:\/\/contecmedsystem.com.co\/index.php\/certificacion-de-empresa\/\",\"url\":\"https:\/\/contecmedsystem.com.co\/index.php\/certificacion-de-empresa\/\",\"name\":\"Certificaci\u00f3n de empresa - Contec Med System\",\"isPartOf\":{\"@id\":\"https:\/\/contecmedsystem.com.co\/#website\"},\"datePublished\":\"2023-09-05T19:33:12+00:00\",\"dateModified\":\"2023-09-05T19:50:33+00:00\",\"breadcrumb\":{\"@id\":\"https:\/\/contecmedsystem.com.co\/index.php\/certificacion-de-empresa\/#breadcrumb\"},\"inLanguage\":\"es\",\"potentialAction\":[{\"@type\":\"ReadAction\",\"target\":[\"https:\/\/contecmedsystem.com.co\/index.php\/certificacion-de-empresa\/\"]}]},{\"@type\":\"BreadcrumbList\",\"@id\":\"https:\/\/contecmedsystem.com.co\/index.php\/certificacion-de-empresa\/#breadcrumb\",\"itemListElement\":[{\"@type\":\"ListItem\",\"position\":1,\"name\":\"Portada\",\"item\":\"https:\/\/contecmedsystem.com.co\/\"},{\"@type\":\"ListItem\",\"position\":2,\"name\":\"Certificaci\u00f3n de empresa\"}]},{\"@type\":\"WebSite\",\"@id\":\"https:\/\/contecmedsystem.com.co\/#website\",\"url\":\"https:\/\/contecmedsystem.com.co\/\",\"name\":\"Contec Med System\",\"description\":\"\",\"publisher\":{\"@id\":\"https:\/\/contecmedsystem.com.co\/#organization\"},\"potentialAction\":[{\"@type\":\"SearchAction\",\"target\":{\"@type\":\"EntryPoint\",\"urlTemplate\":\"https:\/\/contecmedsystem.com.co\/?s={search_term_string}\"},\"query-input\":\"required name=search_term_string\"}],\"inLanguage\":\"es\"},{\"@type\":\"Organization\",\"@id\":\"https:\/\/contecmedsystem.com.co\/#organization\",\"name\":\"Contec Med System\",\"url\":\"https:\/\/contecmedsystem.com.co\/\",\"logo\":{\"@type\":\"ImageObject\",\"inLanguage\":\"es\",\"@id\":\"https:\/\/contecmedsystem.com.co\/#\/schema\/logo\/image\/\",\"url\":\"https:\/\/contecmedsystem.co\/wp-content\/uploads\/2023\/09\/logopng.png\",\"contentUrl\":\"https:\/\/contecmedsystem.co\/wp-content\/uploads\/2023\/09\/logopng.png\",\"width\":500,\"height\":97,\"caption\":\"Contec Med System\"},\"image\":{\"@id\":\"https:\/\/contecmedsystem.com.co\/#\/schema\/logo\/image\/\"}}]}<\/script>\n<!-- \/ Yoast SEO plugin. -->","yoast_head_json":{"title":"Certificaci\u00f3n de empresa - Contec Med System","robots":{"index":"index","follow":"follow","max-snippet":"max-snippet:-1","max-image-preview":"max-image-preview:large","max-video-preview":"max-video-preview:-1"},"canonical":"https:\/\/contecmedsystem.com.co\/index.php\/certificacion-de-empresa\/","og_locale":"es_ES","og_type":"article","og_title":"Certificaci\u00f3n de empresa - Contec Med System","og_description":"Sobre nosotros Cont\u00e1ctenos CONTEC MEDICAL SYSTEMS CO., LTDAgregar: 112 Qinhuang West Str., E&amp;T Development Zone, Qinhuangdao, provincia de Hebei, ChinaChelsea Yang Tel\u00e9fono: +86 0335 8015472Correo electr\u00f3nico: sales@contecmedsystem.comWhatsapp: +86 159 3059 6203 ISO13485 ROHS FDA ESTO CERTIFICADO DE CANAD\u00c1 Certificado ISO13485","og_url":"https:\/\/contecmedsystem.com.co\/index.php\/certificacion-de-empresa\/","og_site_name":"Contec Med System","article_modified_time":"2023-09-05T19:50:33+00:00","og_image":[{"url":"https:\/\/contecmedsystem.co\/wp-content\/uploads\/2023\/09\/1.1.webp"}],"twitter_card":"summary_large_image","twitter_misc":{"Tiempo de lectura":"2 minutos"},"schema":{"@context":"https:\/\/schema.org","@graph":[{"@type":"WebPage","@id":"https:\/\/contecmedsystem.com.co\/index.php\/certificacion-de-empresa\/","url":"https:\/\/contecmedsystem.com.co\/index.php\/certificacion-de-empresa\/","name":"Certificaci\u00f3n de empresa - Contec Med System","isPartOf":{"@id":"https:\/\/contecmedsystem.com.co\/#website"},"datePublished":"2023-09-05T19:33:12+00:00","dateModified":"2023-09-05T19:50:33+00:00","breadcrumb":{"@id":"https:\/\/contecmedsystem.com.co\/index.php\/certificacion-de-empresa\/#breadcrumb"},"inLanguage":"es","potentialAction":[{"@type":"ReadAction","target":["https:\/\/contecmedsystem.com.co\/index.php\/certificacion-de-empresa\/"]}]},{"@type":"BreadcrumbList","@id":"https:\/\/contecmedsystem.com.co\/index.php\/certificacion-de-empresa\/#breadcrumb","itemListElement":[{"@type":"ListItem","position":1,"name":"Portada","item":"https:\/\/contecmedsystem.com.co\/"},{"@type":"ListItem","position":2,"name":"Certificaci\u00f3n de empresa"}]},{"@type":"WebSite","@id":"https:\/\/contecmedsystem.com.co\/#website","url":"https:\/\/contecmedsystem.com.co\/","name":"Contec Med System","description":"","publisher":{"@id":"https:\/\/contecmedsystem.com.co\/#organization"},"potentialAction":[{"@type":"SearchAction","target":{"@type":"EntryPoint","urlTemplate":"https:\/\/contecmedsystem.com.co\/?s={search_term_string}"},"query-input":"required name=search_term_string"}],"inLanguage":"es"},{"@type":"Organization","@id":"https:\/\/contecmedsystem.com.co\/#organization","name":"Contec Med System","url":"https:\/\/contecmedsystem.com.co\/","logo":{"@type":"ImageObject","inLanguage":"es","@id":"https:\/\/contecmedsystem.com.co\/#\/schema\/logo\/image\/","url":"https:\/\/contecmedsystem.co\/wp-content\/uploads\/2023\/09\/logopng.png","contentUrl":"https:\/\/contecmedsystem.co\/wp-content\/uploads\/2023\/09\/logopng.png","width":500,"height":97,"caption":"Contec Med System"},"image":{"@id":"https:\/\/contecmedsystem.com.co\/#\/schema\/logo\/image\/"}}]}},"_links":{"self":[{"href":"https:\/\/contecmedsystem.com.co\/index.php\/wp-json\/wp\/v2\/pages\/174","targetHints":{"allow":["GET"]}}],"collection":[{"href":"https:\/\/contecmedsystem.com.co\/index.php\/wp-json\/wp\/v2\/pages"}],"about":[{"href":"https:\/\/contecmedsystem.com.co\/index.php\/wp-json\/wp\/v2\/types\/page"}],"author":[{"embeddable":true,"href":"https:\/\/contecmedsystem.com.co\/index.php\/wp-json\/wp\/v2\/users\/1"}],"replies":[{"embeddable":true,"href":"https:\/\/contecmedsystem.com.co\/index.php\/wp-json\/wp\/v2\/comments?post=174"}],"version-history":[{"count":7,"href":"https:\/\/contecmedsystem.com.co\/index.php\/wp-json\/wp\/v2\/pages\/174\/revisions"}],"predecessor-version":[{"id":221,"href":"https:\/\/contecmedsystem.com.co\/index.php\/wp-json\/wp\/v2\/pages\/174\/revisions\/221"}],"wp:attachment":[{"href":"https:\/\/contecmedsystem.com.co\/index.php\/wp-json\/wp\/v2\/media?parent=174"}],"curies":[{"name":"wp","href":"https:\/\/api.w.org\/{rel}","templated":true}]}}