{"id":296,"date":"2023-09-05T20:35:01","date_gmt":"2023-09-05T20:35:01","guid":{"rendered":"https:\/\/contecmedsystem.co\/?page_id=296"},"modified":"2023-09-05T21:05:29","modified_gmt":"2023-09-05T21:05:29","slug":"noticias-de-la-industria","status":"publish","type":"page","link":"https:\/\/contecmedsystem.com.co\/index.php\/noticias-de-la-industria\/","title":{"rendered":"Noticias de la Industria"},"content":{"rendered":"\t\t<div data-elementor-type=\"wp-page\" data-elementor-id=\"296\" class=\"elementor elementor-296\" data-elementor-post-type=\"page\">\n\t\t\t\t\t\t\t\t\t<section class=\"elementor-section elementor-top-section elementor-element elementor-element-3d5063d elementor-section-boxed elementor-section-height-default elementor-section-height-default\" data-id=\"3d5063d\" data-element_type=\"section\">\n\t\t\t\t\t\t<div class=\"elementor-container elementor-column-gap-default\">\n\t\t\t\t\t<div class=\"elementor-column elementor-col-50 elementor-top-column elementor-element elementor-element-a761c80\" data-id=\"a761c80\" data-element_type=\"column\">\n\t\t\t<div class=\"elementor-widget-wrap elementor-element-populated\">\n\t\t\t\t\t\t\t\t<div class=\"elementor-element elementor-element-7d9ed5c elementor-widget elementor-widget-heading\" data-id=\"7d9ed5c\" data-element_type=\"widget\" data-widget_type=\"heading.default\">\n\t\t\t\t<div class=\"elementor-widget-container\">\n\t\t\t<style>\/*! elementor - v3.16.0 - 20-09-2023 *\/\n.elementor-heading-title{padding:0;margin:0;line-height:1}.elementor-widget-heading .elementor-heading-title[class*=elementor-size-]>a{color:inherit;font-size:inherit;line-height:inherit}.elementor-widget-heading .elementor-heading-title.elementor-size-small{font-size:15px}.elementor-widget-heading .elementor-heading-title.elementor-size-medium{font-size:19px}.elementor-widget-heading .elementor-heading-title.elementor-size-large{font-size:29px}.elementor-widget-heading .elementor-heading-title.elementor-size-xl{font-size:39px}.elementor-widget-heading .elementor-heading-title.elementor-size-xxl{font-size:59px}<\/style><h2 class=\"elementor-heading-title elementor-size-default\">Sobre nosotros<\/h2>\t\t<\/div>\n\t\t\t\t<\/div>\n\t\t\t\t<div class=\"elementor-element elementor-element-5486411 elementor-nav-menu--dropdown-tablet elementor-nav-menu__text-align-aside elementor-nav-menu--toggle elementor-nav-menu--burger elementor-widget elementor-widget-nav-menu\" data-id=\"5486411\" data-element_type=\"widget\" data-settings=\"{&quot;layout&quot;:&quot;vertical&quot;,&quot;submenu_icon&quot;:{&quot;value&quot;:&quot;&lt;i class=\\&quot;fas fa-caret-down\\&quot;&gt;&lt;\\\/i&gt;&quot;,&quot;library&quot;:&quot;fa-solid&quot;},&quot;toggle&quot;:&quot;burger&quot;}\" data-widget_type=\"nav-menu.default\">\n\t\t\t\t<div class=\"elementor-widget-container\">\n\t\t\t<link rel=\"stylesheet\" href=\"https:\/\/contecmedsystem.co\/wp-content\/plugins\/elementor-pro\/assets\/css\/widget-nav-menu.min.css\">\t\t\t<nav class=\"elementor-nav-menu--main elementor-nav-menu__container elementor-nav-menu--layout-vertical e--pointer-none\">\n\t\t\t\t<ul id=\"menu-1-5486411\" class=\"elementor-nav-menu sm-vertical\"><li class=\"menu-item menu-item-type-post_type menu-item-object-page menu-item-300\"><a href=\"https:\/\/contecmedsystem.com.co\/index.php\/noticias-de-la-compania\/\" class=\"elementor-item menu-link\">Noticias de la compa\u00f1\u00eda<\/a><\/li>\n<li class=\"menu-item menu-item-type-post_type menu-item-object-page menu-item-299\"><a href=\"https:\/\/contecmedsystem.com.co\/index.php\/noticias-de-la-industria\/\" class=\"elementor-item menu-link\">Noticias de la Industria<\/a><\/li>\n<\/ul>\t\t\t<\/nav>\n\t\t\t\t\t<div class=\"elementor-menu-toggle\" role=\"button\" tabindex=\"0\" aria-label=\"Menu Toggle\" aria-expanded=\"false\">\n\t\t\t<i aria-hidden=\"true\" role=\"presentation\" class=\"elementor-menu-toggle__icon--open eicon-menu-bar\"><\/i><i aria-hidden=\"true\" role=\"presentation\" class=\"elementor-menu-toggle__icon--close eicon-close\"><\/i>\t\t\t<span class=\"elementor-screen-only\">Menu<\/span>\n\t\t<\/div>\n\t\t\t\t\t<nav class=\"elementor-nav-menu--dropdown elementor-nav-menu__container\" aria-hidden=\"true\">\n\t\t\t\t<ul id=\"menu-2-5486411\" class=\"elementor-nav-menu sm-vertical\"><li class=\"menu-item menu-item-type-post_type menu-item-object-page menu-item-300\"><a href=\"https:\/\/contecmedsystem.com.co\/index.php\/noticias-de-la-compania\/\" class=\"elementor-item menu-link\" tabindex=\"-1\">Noticias de la compa\u00f1\u00eda<\/a><\/li>\n<li class=\"menu-item menu-item-type-post_type menu-item-object-page menu-item-299\"><a href=\"https:\/\/contecmedsystem.com.co\/index.php\/noticias-de-la-industria\/\" class=\"elementor-item menu-link\" tabindex=\"-1\">Noticias de la Industria<\/a><\/li>\n<\/ul>\t\t\t<\/nav>\n\t\t\t\t<\/div>\n\t\t\t\t<\/div>\n\t\t\t\t<div class=\"elementor-element elementor-element-091c984 elementor-widget elementor-widget-heading\" data-id=\"091c984\" data-element_type=\"widget\" data-widget_type=\"heading.default\">\n\t\t\t\t<div class=\"elementor-widget-container\">\n\t\t\t<h2 class=\"elementor-heading-title elementor-size-default\">Cont\u00e1ctenos<\/h2>\t\t<\/div>\n\t\t\t\t<\/div>\n\t\t\t\t<div class=\"elementor-element elementor-element-b20629d elementor-widget elementor-widget-text-editor\" data-id=\"b20629d\" data-element_type=\"widget\" data-widget_type=\"text-editor.default\">\n\t\t\t\t<div class=\"elementor-widget-container\">\n\t\t\t<style>\/*! elementor - v3.16.0 - 20-09-2023 *\/\n.elementor-widget-text-editor.elementor-drop-cap-view-stacked .elementor-drop-cap{background-color:#69727d;color:#fff}.elementor-widget-text-editor.elementor-drop-cap-view-framed .elementor-drop-cap{color:#69727d;border:3px solid;background-color:transparent}.elementor-widget-text-editor:not(.elementor-drop-cap-view-default) .elementor-drop-cap{margin-top:8px}.elementor-widget-text-editor:not(.elementor-drop-cap-view-default) .elementor-drop-cap-letter{width:1em;height:1em}.elementor-widget-text-editor .elementor-drop-cap{float:left;text-align:center;line-height:1;font-size:50px}.elementor-widget-text-editor .elementor-drop-cap-letter{display:inline-block}<\/style>\t\t\t\t<div id=\"Text2114_114d37c2678ed1157a998af68125697712\" class=\"text\" data-id=\"Text2114_114d37c2678ed1157a998af68125697712\"><div><div><p>CONTEC MEDICAL SYSTEMS CO., LTD<br \/>Agregar: 112 Qinhuang West Str., E&amp;T Development Zone, Qinhuangdao, provincia de Hebei, China<br \/>Chelsea Yang<\/p><\/div><\/div><\/div>\t\t\t\t\t\t<\/div>\n\t\t\t\t<\/div>\n\t\t\t\t\t<\/div>\n\t\t<\/div>\n\t\t\t\t<div class=\"elementor-column elementor-col-50 elementor-top-column elementor-element elementor-element-c25420f\" data-id=\"c25420f\" data-element_type=\"column\">\n\t\t\t<div class=\"elementor-widget-wrap elementor-element-populated\">\n\t\t\t\t\t\t\t\t<div class=\"elementor-element elementor-element-200baaa elementor-widget elementor-widget-text-editor\" data-id=\"200baaa\" data-element_type=\"widget\" data-widget_type=\"text-editor.default\">\n\t\t\t\t<div class=\"elementor-widget-container\">\n\t\t\t\t\t\t\t<div class=\"col-xs-12 col-sm-12 col-md-12 col-lg-12 col-xl-12\"><div class=\"content-block\"><div class=\"product-content\"><div class=\"product-content__top\"><div class=\"product-content__title\"><strong>Salud \u00e1rabe 2019<\/strong><\/div><div class=\"product-content__sub\">2021-05-18<\/div><div class=\"product-content__intro\">\u00a0<\/div><div class=\"product-content__btnblock\">\u00a0<\/div><\/div><\/div><div class=\"border\">\u00a0<\/div><\/div><\/div><div class=\"col-xs-12 col-sm-12 col-md-12 col-lg-12 col-xl-12\"><div class=\"content-block\"><div class=\"product-content\"><div class=\"product-content__top\"><div class=\"product-content__title\"><strong>C\u00f3mo guardar la bomba de infusi\u00f3n<\/strong><\/div><div class=\"product-content__sub\">2021-05-18<\/div><div class=\"product-content__intro\">Al operar la bomba de infusi\u00f3n, no toque el enchufe con las manos mojadas y no lo use bajo la luz solar directa o bajo una luz intensa. Al usar el sensor, el enchufe debe estar insertado, de lo contrario no funcionar\u00e1 correctamente. Cuando no est\u00e9 en&#8230;<\/div><div class=\"product-content__btnblock\">\u00a0<\/div><\/div><\/div><div class=\"border\">\u00a0<\/div><\/div><\/div><div class=\"col-xs-12 col-sm-12 col-md-12 col-lg-12 col-xl-12\"><div class=\"content-block\"><div class=\"product-content\"><div class=\"product-content__top\"><div class=\"product-content__title\"><strong>Presente y futuro de los proveedores de telemedicina y telemedicina<\/strong><\/div><div class=\"product-content__sub\">2021-05-18<\/div><div class=\"product-content__intro\">Con la popularidad de los tel\u00e9fonos inteligentes en aumento, los proveedores de telemedicina han desarrollado una amplia variedad de aplicaciones m\u00f3viles para monitorear f\u00e1cilmente la salud del consumidor. Se han dise\u00f1ado dispositivos port\u00e1tiles senc&#8230;<\/div><div class=\"product-content__btnblock\">\u00a0<\/div><\/div><\/div><div class=\"border\">\u00a0<\/div><\/div><\/div><div class=\"col-xs-12 col-sm-12 col-md-12 col-lg-12 col-xl-12\"><div class=\"content-block\"><div class=\"product-content\"><div class=\"product-content__top\"><div class=\"product-content__title\"><strong>Monitores de pacientes: equipo electr\u00f3nico para monitorear pacientes<\/strong><\/div><div class=\"product-content__sub\">2021-05-18<\/div><div class=\"product-content__intro\">En un mundo ideal, la proporci\u00f3n de personal sanitario por paciente es de 1: 1. En el mundo real, no hay suficientes trabajadores m\u00e9dicos para todos, especialmente en las unidades de cuidados intensivos. Cuando un paciente debe tener un seguimiento c&#8230;<\/div><div class=\"product-content__btnblock\">\u00a0<\/div><\/div><\/div><div class=\"border\">\u00a0<\/div><\/div><\/div><div class=\"col-xs-12 col-sm-12 col-md-12 col-lg-12 col-xl-12\"><div class=\"content-block\"><div class=\"product-content\"><div class=\"product-content__top\"><div class=\"product-content__title\"><strong>Monitoreo remoto de pacientes: el futuro de la atenci\u00f3n m\u00e9dica<\/strong><\/div><div class=\"product-content__sub\">2021-05-18<\/div><div class=\"product-content__intro\">Los dispositivos de salud del consumidor, como los rastreadores port\u00e1tiles de presi\u00f3n arterial, el medidor de az\u00facar en sangre y los monitores de ECG, han facilitado el intercambio remoto de informaci\u00f3n del paciente. Los m\u00e9dicos de hoy pueden monitor&#8230;<\/div><div class=\"product-content__btnblock\">\u00a0<\/div><\/div><\/div><div class=\"border\">\u00a0<\/div><\/div><\/div><div class=\"col-xs-12 col-sm-12 col-md-12 col-lg-12 col-xl-12\"><div class=\"content-block\"><div class=\"product-content\"><div class=\"product-content__top\"><div class=\"product-content__title\"><strong>Echando un vistazo a los diferentes tipos de monitores de pacientes<\/strong><\/div><div class=\"product-content__sub\">2021-05-18<\/div><div class=\"product-content__intro\">Tipos de monitores de pacientes Hay muchos tipos de monitores de pacientes en el mercado. Incluyen: Monitores de mano: por su nombre, son unidades que se sostienen con la mano. Le permiten controlar sus signos vitales desde su mano. Todo lo que neces&#8230;<\/div><\/div><\/div><\/div><\/div>\t\t\t\t\t\t<\/div>\n\t\t\t\t<\/div>\n\t\t\t\t\t<\/div>\n\t\t<\/div>\n\t\t\t\t\t\t\t<\/div>\n\t\t<\/section>\n\t\t\t\t\t\t\t<\/div>\n\t\t","protected":false},"excerpt":{"rendered":"<p>Sobre nosotros Cont\u00e1ctenos CONTEC MEDICAL SYSTEMS CO., LTDAgregar: 112 Qinhuang West Str., E&amp;T Development Zone, Qinhuangdao, provincia de Hebei, ChinaChelsea Yang Salud \u00e1rabe 20192021-05-18\u00a0\u00a0\u00a0C\u00f3mo guardar la bomba de infusi\u00f3n2021-05-18Al operar la bomba de infusi\u00f3n, no toque el enchufe con las manos mojadas y no lo use bajo la luz solar directa o bajo una luz &hellip;<\/p>\n<p class=\"read-more\"> <a class=\"\" href=\"https:\/\/contecmedsystem.com.co\/index.php\/noticias-de-la-industria\/\"> <span class=\"screen-reader-text\">Noticias de la Industria<\/span> Leer m\u00e1s &raquo;<\/a><\/p>\n","protected":false},"author":1,"featured_media":0,"parent":0,"menu_order":0,"comment_status":"closed","ping_status":"closed","template":"","meta":{"site-sidebar-layout":"no-sidebar","site-content-layout":"","ast-site-content-layout":"full-width-container","site-content-style":"default","site-sidebar-style":"default","ast-global-header-display":"","ast-banner-title-visibility":"","ast-main-header-display":"","ast-hfb-above-header-display":"","ast-hfb-below-header-display":"","ast-hfb-mobile-header-display":"","site-post-title":"disabled","ast-breadcrumbs-content":"","ast-featured-img":"disabled","footer-sml-layout":"","theme-transparent-header-meta":"","adv-header-id-meta":"","stick-header-meta":"","header-above-stick-meta":"","header-main-stick-meta":"","header-below-stick-meta":"","astra-migrate-meta-layouts":"","footnotes":""},"class_list":["post-296","page","type-page","status-publish","hentry"],"yoast_head":"<!-- This site is optimized with the Yoast SEO plugin v21.2 - https:\/\/yoast.com\/wordpress\/plugins\/seo\/ -->\n<title>Noticias de la Industria - Contec Med System<\/title>\n<meta name=\"robots\" content=\"index, follow, max-snippet:-1, max-image-preview:large, max-video-preview:-1\" \/>\n<link rel=\"canonical\" href=\"https:\/\/contecmedsystem.com.co\/index.php\/noticias-de-la-industria\/\" \/>\n<meta property=\"og:locale\" content=\"es_ES\" \/>\n<meta property=\"og:type\" content=\"article\" \/>\n<meta property=\"og:title\" content=\"Noticias de la Industria - Contec Med System\" \/>\n<meta property=\"og:description\" content=\"Sobre nosotros Cont\u00e1ctenos CONTEC MEDICAL SYSTEMS CO., LTDAgregar: 112 Qinhuang West Str., E&amp;T Development Zone, Qinhuangdao, provincia de Hebei, ChinaChelsea Yang Salud \u00e1rabe 20192021-05-18\u00a0\u00a0\u00a0C\u00f3mo guardar la bomba de infusi\u00f3n2021-05-18Al operar la bomba de infusi\u00f3n, no toque el enchufe con las manos mojadas y no lo use bajo la luz solar directa o bajo una luz &hellip; Noticias de la Industria Leer m\u00e1s &raquo;\" \/>\n<meta property=\"og:url\" content=\"https:\/\/contecmedsystem.com.co\/index.php\/noticias-de-la-industria\/\" \/>\n<meta property=\"og:site_name\" content=\"Contec Med System\" \/>\n<meta property=\"article:modified_time\" content=\"2023-09-05T21:05:29+00:00\" \/>\n<meta name=\"twitter:card\" content=\"summary_large_image\" \/>\n<meta name=\"twitter:label1\" content=\"Tiempo de lectura\" \/>\n\t<meta name=\"twitter:data1\" content=\"2 minutos\" \/>\n<script type=\"application\/ld+json\" class=\"yoast-schema-graph\">{\"@context\":\"https:\/\/schema.org\",\"@graph\":[{\"@type\":\"WebPage\",\"@id\":\"https:\/\/contecmedsystem.com.co\/index.php\/noticias-de-la-industria\/\",\"url\":\"https:\/\/contecmedsystem.com.co\/index.php\/noticias-de-la-industria\/\",\"name\":\"Noticias de la Industria - Contec Med System\",\"isPartOf\":{\"@id\":\"https:\/\/contecmedsystem.com.co\/#website\"},\"datePublished\":\"2023-09-05T20:35:01+00:00\",\"dateModified\":\"2023-09-05T21:05:29+00:00\",\"breadcrumb\":{\"@id\":\"https:\/\/contecmedsystem.com.co\/index.php\/noticias-de-la-industria\/#breadcrumb\"},\"inLanguage\":\"es\",\"potentialAction\":[{\"@type\":\"ReadAction\",\"target\":[\"https:\/\/contecmedsystem.com.co\/index.php\/noticias-de-la-industria\/\"]}]},{\"@type\":\"BreadcrumbList\",\"@id\":\"https:\/\/contecmedsystem.com.co\/index.php\/noticias-de-la-industria\/#breadcrumb\",\"itemListElement\":[{\"@type\":\"ListItem\",\"position\":1,\"name\":\"Portada\",\"item\":\"https:\/\/contecmedsystem.com.co\/\"},{\"@type\":\"ListItem\",\"position\":2,\"name\":\"Noticias de la Industria\"}]},{\"@type\":\"WebSite\",\"@id\":\"https:\/\/contecmedsystem.com.co\/#website\",\"url\":\"https:\/\/contecmedsystem.com.co\/\",\"name\":\"Contec Med System\",\"description\":\"\",\"publisher\":{\"@id\":\"https:\/\/contecmedsystem.com.co\/#organization\"},\"potentialAction\":[{\"@type\":\"SearchAction\",\"target\":{\"@type\":\"EntryPoint\",\"urlTemplate\":\"https:\/\/contecmedsystem.com.co\/?s={search_term_string}\"},\"query-input\":\"required name=search_term_string\"}],\"inLanguage\":\"es\"},{\"@type\":\"Organization\",\"@id\":\"https:\/\/contecmedsystem.com.co\/#organization\",\"name\":\"Contec Med System\",\"url\":\"https:\/\/contecmedsystem.com.co\/\",\"logo\":{\"@type\":\"ImageObject\",\"inLanguage\":\"es\",\"@id\":\"https:\/\/contecmedsystem.com.co\/#\/schema\/logo\/image\/\",\"url\":\"https:\/\/contecmedsystem.co\/wp-content\/uploads\/2023\/09\/logopng.png\",\"contentUrl\":\"https:\/\/contecmedsystem.co\/wp-content\/uploads\/2023\/09\/logopng.png\",\"width\":500,\"height\":97,\"caption\":\"Contec Med System\"},\"image\":{\"@id\":\"https:\/\/contecmedsystem.com.co\/#\/schema\/logo\/image\/\"}}]}<\/script>\n<!-- \/ Yoast SEO plugin. -->","yoast_head_json":{"title":"Noticias de la Industria - Contec Med System","robots":{"index":"index","follow":"follow","max-snippet":"max-snippet:-1","max-image-preview":"max-image-preview:large","max-video-preview":"max-video-preview:-1"},"canonical":"https:\/\/contecmedsystem.com.co\/index.php\/noticias-de-la-industria\/","og_locale":"es_ES","og_type":"article","og_title":"Noticias de la Industria - Contec Med System","og_description":"Sobre nosotros Cont\u00e1ctenos CONTEC MEDICAL SYSTEMS CO., LTDAgregar: 112 Qinhuang West Str., E&amp;T Development Zone, Qinhuangdao, provincia de Hebei, ChinaChelsea Yang Salud \u00e1rabe 20192021-05-18\u00a0\u00a0\u00a0C\u00f3mo guardar la bomba de infusi\u00f3n2021-05-18Al operar la bomba de infusi\u00f3n, no toque el enchufe con las manos mojadas y no lo use bajo la luz solar directa o bajo una luz &hellip; Noticias de la Industria Leer m\u00e1s &raquo;","og_url":"https:\/\/contecmedsystem.com.co\/index.php\/noticias-de-la-industria\/","og_site_name":"Contec Med System","article_modified_time":"2023-09-05T21:05:29+00:00","twitter_card":"summary_large_image","twitter_misc":{"Tiempo de lectura":"2 minutos"},"schema":{"@context":"https:\/\/schema.org","@graph":[{"@type":"WebPage","@id":"https:\/\/contecmedsystem.com.co\/index.php\/noticias-de-la-industria\/","url":"https:\/\/contecmedsystem.com.co\/index.php\/noticias-de-la-industria\/","name":"Noticias de la Industria - Contec Med System","isPartOf":{"@id":"https:\/\/contecmedsystem.com.co\/#website"},"datePublished":"2023-09-05T20:35:01+00:00","dateModified":"2023-09-05T21:05:29+00:00","breadcrumb":{"@id":"https:\/\/contecmedsystem.com.co\/index.php\/noticias-de-la-industria\/#breadcrumb"},"inLanguage":"es","potentialAction":[{"@type":"ReadAction","target":["https:\/\/contecmedsystem.com.co\/index.php\/noticias-de-la-industria\/"]}]},{"@type":"BreadcrumbList","@id":"https:\/\/contecmedsystem.com.co\/index.php\/noticias-de-la-industria\/#breadcrumb","itemListElement":[{"@type":"ListItem","position":1,"name":"Portada","item":"https:\/\/contecmedsystem.com.co\/"},{"@type":"ListItem","position":2,"name":"Noticias de la Industria"}]},{"@type":"WebSite","@id":"https:\/\/contecmedsystem.com.co\/#website","url":"https:\/\/contecmedsystem.com.co\/","name":"Contec Med System","description":"","publisher":{"@id":"https:\/\/contecmedsystem.com.co\/#organization"},"potentialAction":[{"@type":"SearchAction","target":{"@type":"EntryPoint","urlTemplate":"https:\/\/contecmedsystem.com.co\/?s={search_term_string}"},"query-input":"required name=search_term_string"}],"inLanguage":"es"},{"@type":"Organization","@id":"https:\/\/contecmedsystem.com.co\/#organization","name":"Contec Med System","url":"https:\/\/contecmedsystem.com.co\/","logo":{"@type":"ImageObject","inLanguage":"es","@id":"https:\/\/contecmedsystem.com.co\/#\/schema\/logo\/image\/","url":"https:\/\/contecmedsystem.co\/wp-content\/uploads\/2023\/09\/logopng.png","contentUrl":"https:\/\/contecmedsystem.co\/wp-content\/uploads\/2023\/09\/logopng.png","width":500,"height":97,"caption":"Contec Med System"},"image":{"@id":"https:\/\/contecmedsystem.com.co\/#\/schema\/logo\/image\/"}}]}},"_links":{"self":[{"href":"https:\/\/contecmedsystem.com.co\/index.php\/wp-json\/wp\/v2\/pages\/296","targetHints":{"allow":["GET"]}}],"collection":[{"href":"https:\/\/contecmedsystem.com.co\/index.php\/wp-json\/wp\/v2\/pages"}],"about":[{"href":"https:\/\/contecmedsystem.com.co\/index.php\/wp-json\/wp\/v2\/types\/page"}],"author":[{"embeddable":true,"href":"https:\/\/contecmedsystem.com.co\/index.php\/wp-json\/wp\/v2\/users\/1"}],"replies":[{"embeddable":true,"href":"https:\/\/contecmedsystem.com.co\/index.php\/wp-json\/wp\/v2\/comments?post=296"}],"version-history":[{"count":7,"href":"https:\/\/contecmedsystem.com.co\/index.php\/wp-json\/wp\/v2\/pages\/296\/revisions"}],"predecessor-version":[{"id":347,"href":"https:\/\/contecmedsystem.com.co\/index.php\/wp-json\/wp\/v2\/pages\/296\/revisions\/347"}],"wp:attachment":[{"href":"https:\/\/contecmedsystem.com.co\/index.php\/wp-json\/wp\/v2\/media?parent=296"}],"curies":[{"name":"wp","href":"https:\/\/api.w.org\/{rel}","templated":true}]}}