{"id":22,"date":"2023-09-04T17:28:27","date_gmt":"2023-09-04T17:28:27","guid":{"rendered":"https:\/\/contecmedsystem.co\/?post_type=product&#038;p=22"},"modified":"2023-09-04T17:28:27","modified_gmt":"2023-09-04T17:28:27","slug":"monitor-de-presion-arterial-digital-de-brazo-superior-contec08e-lcd-en-color-esfigmomanometro","status":"publish","type":"product","link":"https:\/\/contecmedsystem.com.co\/index.php\/producto\/monitor-de-presion-arterial-digital-de-brazo-superior-contec08e-lcd-en-color-esfigmomanometro\/","title":{"rendered":"Monitor de presi\u00f3n arterial digital de brazo superior CONTEC08E LCD en color Esfigmoman\u00f3metro"},"content":{"rendered":"<p><strong>Introducci\u00f3n<\/strong><\/p>\n<p>CONTEC08E es un esfigmoman\u00f3metro electr\u00f3nico con LCD en color, caracter\u00edsticas en una interfaz concisa y operaci\u00f3n de una tecla, puede medir NIBP y SpO2 (opcional) con precisi\u00f3n, y los registros de NIBP pueden ser revisados por el bot\u00f3n de memoria. El dispositivo se usa ampliamente en la familia, la cl\u00ednica y el centro de examen f\u00edsico para pruebas de rutina.<\/p>\n<p><strong>Caracter\u00edsticas<\/strong><\/p>\n<p>1) Peque\u00f1o en volumen, f\u00e1cil de operar, pantalla LCD en color, interfaz de idioma opcional (chino e ingl\u00e9s), fuerte en visibilidad.<br \/>\n2) Ser aplicable para adultos.<br \/>\n3) Empiece a medir manualmente, registre cada dato de medida y almacene hasta 99 grupos de datos.<br \/>\n4) Se pueden almacenar los resultados de la medici\u00f3n de NIBP, la fecha y la hora de la medici\u00f3n.<br \/>\n5) Tres interfaces de revisi\u00f3n de datos: \u00abLista de datos\u00bb, \u00abGr\u00e1fico de tendencias\u00bb y \u00abFuente grande\u00bb.<br \/>\n6) Indicaci\u00f3n de bater\u00eda baja e informaci\u00f3n de error.<br \/>\n7) Apagado autom\u00e1tico cuando no hay operaci\u00f3n durante mucho tiempo, logra ahorrar energ\u00eda.<br \/>\n8) Unidades opcionales: mmHg y kPa<br \/>\n9) Funci\u00f3n de medici\u00f3n de SpO2 (es necesaria la sonda de SpO2).<\/p>\n<p><strong>Actuaci\u00f3n<\/strong><\/p>\n<p>1) PANI<br \/>\nM\u00e9todo de medici\u00f3n: oscilometr\u00eda<br \/>\nModo de medici\u00f3n: tipo de brazo superior<br \/>\nRango de medici\u00f3n: 0 kPa (0 mmHg) ~ 38,67 kPa (290 mmHg)<br \/>\nResoluci\u00f3n: 0,133 kPa (1 mmHg)<br \/>\nPrecisi\u00f3n: \u00b1 0,4 kPa (\u00b1 3 mmHg)<br \/>\nRango de medici\u00f3n de PR: 40 bpm ~ 240 bpm<br \/>\nInflaci\u00f3n: inflado autom\u00e1tico por bomba de fuerza.<br \/>\nDeflaci\u00f3n: deflaci\u00f3n autom\u00e1tica de varios pasos<br \/>\n2) SpO2 (opcional)<br \/>\nRango de medici\u00f3n: 0% ~ 100%<br \/>\nPrecisi\u00f3n: 70% ~ 100%, \u00b1 2%<br \/>\nLa frecuencia del pulso:<br \/>\nRango de medici\u00f3n: 30 bpm ~ 250 bpm<br \/>\nResoluci\u00f3n: 1 bpm<br \/>\n3) Pantalla: LCD a color de 2,4 \u00bb<br \/>\n4) Energ\u00eda: cuatro pilas \u00abAA\u00bb<br \/>\n5) Clasificaci\u00f3n de seguridad: equipo alimentado internamente, pieza aplicada tipo BF<br \/>\n6) Grado impermeable: IP21<\/p>\n<p><strong>Accesorios<\/strong><\/p>\n<p>1) brazalete para adulto<br \/>\n2) manual de usuario<br \/>\n3) Sonda de SpO2 (opcional)<br \/>\n4) Pu\u00f1os para otro tama\u00f1o (opcional)<\/p>\n","protected":false},"excerpt":{"rendered":"<p><strong>Caracter\u00edstica f\u00edsica<\/strong><\/p>\n<p>Dimensi\u00f3n: 132 mm (L) \u00d7 130 mm (W) \u00d7 50 mm (H)<br \/>\nPeso: 405 g (incluidas las pilas)<br \/>\nEntorno operativo<br \/>\nTemperatura: +5 \u02daC ~ +40 \u02daC<br \/>\nHumedad relativa: 15% ~ 85%<br \/>\nPresi\u00f3n atmosf\u00e9rica: 700 hPa ~ 1060 hPa<br \/>\nEntorno de almacenamiento:<br \/>\nTemperatura: -20 \u02daC ~ +55 \u02daC<br \/>\nHumedad relativa: \u226495%<br \/>\nPresi\u00f3n atmosf\u00e9rica: 700 hPa ~ 1060 hPa<\/p>\n<p><strong>Configuraci\u00f3n opcional<\/strong><\/p>\n<p>No. Nombre de los accesorios Modelo Prop\u00f3sito<br \/>\n1 manguito de adulto de gran tama\u00f1o IGN0008 Medici\u00f3n de NIBP<br \/>\n2 Sonda de SpO2 ESA0010 Medici\u00f3n de SpO2<\/p>\n","protected":false},"featured_media":24,"comment_status":"open","ping_status":"closed","template":"","meta":{"site-sidebar-layout":"default","site-content-layout":"","ast-site-content-layout":"default","site-content-style":"default","site-sidebar-style":"default","ast-global-header-display":"","ast-banner-title-visibility":"","ast-main-header-display":"","ast-hfb-above-header-display":"","ast-hfb-below-header-display":"","ast-hfb-mobile-header-display":"","site-post-title":"","ast-breadcrumbs-content":"","ast-featured-img":"","footer-sml-layout":"","theme-transparent-header-meta":"default","adv-header-id-meta":"","stick-header-meta":"","header-above-stick-meta":"","header-main-stick-meta":"","header-below-stick-meta":"","astra-migrate-meta-layouts":"set"},"product_cat":[17],"product_tag":[],"class_list":["post-22","product","type-product","status-publish","has-post-thumbnail","hentry","product_cat-monitor-de-presion-arterial","desktop-align-left","tablet-align-left","mobile-align-left"],"yoast_head":"<!-- This site is optimized with the Yoast SEO plugin v21.2 - https:\/\/yoast.com\/wordpress\/plugins\/seo\/ -->\n<title>Monitor de presi\u00f3n arterial digital de brazo superior CONTEC08E LCD en color Esfigmoman\u00f3metro - Contec Med System<\/title>\n<meta name=\"robots\" content=\"index, follow, max-snippet:-1, max-image-preview:large, max-video-preview:-1\" \/>\n<link rel=\"canonical\" href=\"https:\/\/contecmedsystem.com.co\/index.php\/producto\/monitor-de-presion-arterial-digital-de-brazo-superior-contec08e-lcd-en-color-esfigmomanometro\/\" \/>\n<meta property=\"og:locale\" content=\"es_ES\" \/>\n<meta property=\"og:type\" content=\"article\" \/>\n<meta property=\"og:title\" content=\"Monitor de presi\u00f3n arterial digital de brazo superior CONTEC08E LCD en color Esfigmoman\u00f3metro - Contec Med System\" \/>\n<meta property=\"og:description\" content=\"Caracter\u00edstica f\u00edsica  Dimensi\u00f3n: 132 mm (L) \u00d7 130 mm (W) \u00d7 50 mm (H) Peso: 405 g (incluidas las pilas) Entorno operativo Temperatura: +5 \u02daC ~ +40 \u02daC Humedad relativa: 15% ~ 85% Presi\u00f3n atmosf\u00e9rica: 700 hPa ~ 1060 hPa Entorno de almacenamiento: Temperatura: -20 \u02daC ~ +55 \u02daC Humedad relativa: \u226495% Presi\u00f3n atmosf\u00e9rica: 700 hPa ~ 1060 hPa  Configuraci\u00f3n opcional  No. Nombre de los accesorios Modelo Prop\u00f3sito 1 manguito de adulto de gran tama\u00f1o IGN0008 Medici\u00f3n de NIBP 2 Sonda de SpO2 ESA0010 Medici\u00f3n de SpO2\" \/>\n<meta property=\"og:url\" content=\"https:\/\/contecmedsystem.com.co\/index.php\/producto\/monitor-de-presion-arterial-digital-de-brazo-superior-contec08e-lcd-en-color-esfigmomanometro\/\" \/>\n<meta property=\"og:site_name\" content=\"Contec Med System\" \/>\n<meta property=\"og:image\" content=\"https:\/\/contecmedsystem.com.co\/wp-content\/uploads\/2023\/09\/1.webp\" \/>\n\t<meta property=\"og:image:width\" content=\"537\" \/>\n\t<meta property=\"og:image:height\" content=\"402\" \/>\n\t<meta property=\"og:image:type\" content=\"image\/webp\" \/>\n<meta name=\"twitter:card\" content=\"summary_large_image\" \/>\n<meta name=\"twitter:label1\" content=\"Tiempo de lectura\" \/>\n\t<meta name=\"twitter:data1\" content=\"2 minutos\" \/>\n<script type=\"application\/ld+json\" class=\"yoast-schema-graph\">{\"@context\":\"https:\/\/schema.org\",\"@graph\":[{\"@type\":\"WebPage\",\"@id\":\"https:\/\/contecmedsystem.com.co\/index.php\/producto\/monitor-de-presion-arterial-digital-de-brazo-superior-contec08e-lcd-en-color-esfigmomanometro\/\",\"url\":\"https:\/\/contecmedsystem.com.co\/index.php\/producto\/monitor-de-presion-arterial-digital-de-brazo-superior-contec08e-lcd-en-color-esfigmomanometro\/\",\"name\":\"Monitor de presi\u00f3n arterial digital de brazo superior CONTEC08E LCD en color Esfigmoman\u00f3metro - Contec Med System\",\"isPartOf\":{\"@id\":\"https:\/\/contecmedsystem.com.co\/#website\"},\"datePublished\":\"2023-09-04T17:28:27+00:00\",\"dateModified\":\"2023-09-04T17:28:27+00:00\",\"breadcrumb\":{\"@id\":\"https:\/\/contecmedsystem.com.co\/index.php\/producto\/monitor-de-presion-arterial-digital-de-brazo-superior-contec08e-lcd-en-color-esfigmomanometro\/#breadcrumb\"},\"inLanguage\":\"es\",\"potentialAction\":[{\"@type\":\"ReadAction\",\"target\":[\"https:\/\/contecmedsystem.com.co\/index.php\/producto\/monitor-de-presion-arterial-digital-de-brazo-superior-contec08e-lcd-en-color-esfigmomanometro\/\"]}]},{\"@type\":\"BreadcrumbList\",\"@id\":\"https:\/\/contecmedsystem.com.co\/index.php\/producto\/monitor-de-presion-arterial-digital-de-brazo-superior-contec08e-lcd-en-color-esfigmomanometro\/#breadcrumb\",\"itemListElement\":[{\"@type\":\"ListItem\",\"position\":1,\"name\":\"Portada\",\"item\":\"https:\/\/contecmedsystem.com.co\/\"},{\"@type\":\"ListItem\",\"position\":2,\"name\":\"Productos\",\"item\":\"https:\/\/contecmedsystem.com.co\/index.php\/tienda\/\"},{\"@type\":\"ListItem\",\"position\":3,\"name\":\"Monitor de presi\u00f3n arterial digital de brazo superior CONTEC08E LCD en color Esfigmoman\u00f3metro\"}]},{\"@type\":\"WebSite\",\"@id\":\"https:\/\/contecmedsystem.com.co\/#website\",\"url\":\"https:\/\/contecmedsystem.com.co\/\",\"name\":\"Contec Med System\",\"description\":\"\",\"publisher\":{\"@id\":\"https:\/\/contecmedsystem.com.co\/#organization\"},\"potentialAction\":[{\"@type\":\"SearchAction\",\"target\":{\"@type\":\"EntryPoint\",\"urlTemplate\":\"https:\/\/contecmedsystem.com.co\/?s={search_term_string}\"},\"query-input\":\"required name=search_term_string\"}],\"inLanguage\":\"es\"},{\"@type\":\"Organization\",\"@id\":\"https:\/\/contecmedsystem.com.co\/#organization\",\"name\":\"Contec Med System\",\"url\":\"https:\/\/contecmedsystem.com.co\/\",\"logo\":{\"@type\":\"ImageObject\",\"inLanguage\":\"es\",\"@id\":\"https:\/\/contecmedsystem.com.co\/#\/schema\/logo\/image\/\",\"url\":\"https:\/\/contecmedsystem.co\/wp-content\/uploads\/2023\/09\/logopng.png\",\"contentUrl\":\"https:\/\/contecmedsystem.co\/wp-content\/uploads\/2023\/09\/logopng.png\",\"width\":500,\"height\":97,\"caption\":\"Contec Med System\"},\"image\":{\"@id\":\"https:\/\/contecmedsystem.com.co\/#\/schema\/logo\/image\/\"}}]}<\/script>\n<!-- \/ Yoast SEO plugin. -->","yoast_head_json":{"title":"Monitor de presi\u00f3n arterial digital de brazo superior CONTEC08E LCD en color Esfigmoman\u00f3metro - Contec Med System","robots":{"index":"index","follow":"follow","max-snippet":"max-snippet:-1","max-image-preview":"max-image-preview:large","max-video-preview":"max-video-preview:-1"},"canonical":"https:\/\/contecmedsystem.com.co\/index.php\/producto\/monitor-de-presion-arterial-digital-de-brazo-superior-contec08e-lcd-en-color-esfigmomanometro\/","og_locale":"es_ES","og_type":"article","og_title":"Monitor de presi\u00f3n arterial digital de brazo superior CONTEC08E LCD en color Esfigmoman\u00f3metro - Contec Med System","og_description":"Caracter\u00edstica f\u00edsica  Dimensi\u00f3n: 132 mm (L) \u00d7 130 mm (W) \u00d7 50 mm (H) Peso: 405 g (incluidas las pilas) Entorno operativo Temperatura: +5 \u02daC ~ +40 \u02daC Humedad relativa: 15% ~ 85% Presi\u00f3n atmosf\u00e9rica: 700 hPa ~ 1060 hPa Entorno de almacenamiento: Temperatura: -20 \u02daC ~ +55 \u02daC Humedad relativa: \u226495% Presi\u00f3n atmosf\u00e9rica: 700 hPa ~ 1060 hPa  Configuraci\u00f3n opcional  No. Nombre de los accesorios Modelo Prop\u00f3sito 1 manguito de adulto de gran tama\u00f1o IGN0008 Medici\u00f3n de NIBP 2 Sonda de SpO2 ESA0010 Medici\u00f3n de SpO2","og_url":"https:\/\/contecmedsystem.com.co\/index.php\/producto\/monitor-de-presion-arterial-digital-de-brazo-superior-contec08e-lcd-en-color-esfigmomanometro\/","og_site_name":"Contec Med System","og_image":[{"width":537,"height":402,"url":"https:\/\/contecmedsystem.com.co\/wp-content\/uploads\/2023\/09\/1.webp","type":"image\/webp"}],"twitter_card":"summary_large_image","twitter_misc":{"Tiempo de lectura":"2 minutos"},"schema":{"@context":"https:\/\/schema.org","@graph":[{"@type":"WebPage","@id":"https:\/\/contecmedsystem.com.co\/index.php\/producto\/monitor-de-presion-arterial-digital-de-brazo-superior-contec08e-lcd-en-color-esfigmomanometro\/","url":"https:\/\/contecmedsystem.com.co\/index.php\/producto\/monitor-de-presion-arterial-digital-de-brazo-superior-contec08e-lcd-en-color-esfigmomanometro\/","name":"Monitor de presi\u00f3n arterial digital de brazo superior CONTEC08E LCD en color Esfigmoman\u00f3metro - Contec Med System","isPartOf":{"@id":"https:\/\/contecmedsystem.com.co\/#website"},"datePublished":"2023-09-04T17:28:27+00:00","dateModified":"2023-09-04T17:28:27+00:00","breadcrumb":{"@id":"https:\/\/contecmedsystem.com.co\/index.php\/producto\/monitor-de-presion-arterial-digital-de-brazo-superior-contec08e-lcd-en-color-esfigmomanometro\/#breadcrumb"},"inLanguage":"es","potentialAction":[{"@type":"ReadAction","target":["https:\/\/contecmedsystem.com.co\/index.php\/producto\/monitor-de-presion-arterial-digital-de-brazo-superior-contec08e-lcd-en-color-esfigmomanometro\/"]}]},{"@type":"BreadcrumbList","@id":"https:\/\/contecmedsystem.com.co\/index.php\/producto\/monitor-de-presion-arterial-digital-de-brazo-superior-contec08e-lcd-en-color-esfigmomanometro\/#breadcrumb","itemListElement":[{"@type":"ListItem","position":1,"name":"Portada","item":"https:\/\/contecmedsystem.com.co\/"},{"@type":"ListItem","position":2,"name":"Productos","item":"https:\/\/contecmedsystem.com.co\/index.php\/tienda\/"},{"@type":"ListItem","position":3,"name":"Monitor de presi\u00f3n arterial digital de brazo superior CONTEC08E LCD en color Esfigmoman\u00f3metro"}]},{"@type":"WebSite","@id":"https:\/\/contecmedsystem.com.co\/#website","url":"https:\/\/contecmedsystem.com.co\/","name":"Contec Med System","description":"","publisher":{"@id":"https:\/\/contecmedsystem.com.co\/#organization"},"potentialAction":[{"@type":"SearchAction","target":{"@type":"EntryPoint","urlTemplate":"https:\/\/contecmedsystem.com.co\/?s={search_term_string}"},"query-input":"required name=search_term_string"}],"inLanguage":"es"},{"@type":"Organization","@id":"https:\/\/contecmedsystem.com.co\/#organization","name":"Contec Med System","url":"https:\/\/contecmedsystem.com.co\/","logo":{"@type":"ImageObject","inLanguage":"es","@id":"https:\/\/contecmedsystem.com.co\/#\/schema\/logo\/image\/","url":"https:\/\/contecmedsystem.co\/wp-content\/uploads\/2023\/09\/logopng.png","contentUrl":"https:\/\/contecmedsystem.co\/wp-content\/uploads\/2023\/09\/logopng.png","width":500,"height":97,"caption":"Contec Med System"},"image":{"@id":"https:\/\/contecmedsystem.com.co\/#\/schema\/logo\/image\/"}}]}},"_links":{"self":[{"href":"https:\/\/contecmedsystem.com.co\/index.php\/wp-json\/wp\/v2\/product\/22","targetHints":{"allow":["GET"]}}],"collection":[{"href":"https:\/\/contecmedsystem.com.co\/index.php\/wp-json\/wp\/v2\/product"}],"about":[{"href":"https:\/\/contecmedsystem.com.co\/index.php\/wp-json\/wp\/v2\/types\/product"}],"replies":[{"embeddable":true,"href":"https:\/\/contecmedsystem.com.co\/index.php\/wp-json\/wp\/v2\/comments?post=22"}],"wp:featuredmedia":[{"embeddable":true,"href":"https:\/\/contecmedsystem.com.co\/index.php\/wp-json\/wp\/v2\/media\/24"}],"wp:attachment":[{"href":"https:\/\/contecmedsystem.com.co\/index.php\/wp-json\/wp\/v2\/media?parent=22"}],"wp:term":[{"taxonomy":"product_cat","embeddable":true,"href":"https:\/\/contecmedsystem.com.co\/index.php\/wp-json\/wp\/v2\/product_cat?post=22"},{"taxonomy":"product_tag","embeddable":true,"href":"https:\/\/contecmedsystem.com.co\/index.php\/wp-json\/wp\/v2\/product_tag?post=22"}],"curies":[{"name":"wp","href":"https:\/\/api.w.org\/{rel}","templated":true}]}}