{"id":94,"date":"2023-09-05T17:31:12","date_gmt":"2023-09-05T17:31:12","guid":{"rendered":"https:\/\/contecmedsystem.co\/?post_type=product&#038;p=94"},"modified":"2023-09-05T17:32:28","modified_gmt":"2023-09-05T17:32:28","slug":"monitor-de-paciente-portatil-dinamico-contec-monitor-dinamico-de-signos-vitales","status":"publish","type":"product","link":"https:\/\/contecmedsystem.com.co\/index.php\/producto\/monitor-de-paciente-portatil-dinamico-contec-monitor-dinamico-de-signos-vitales\/","title":{"rendered":"Monitor de paciente port\u00e1til din\u00e1mico CONTEC monitor din\u00e1mico de signos vitales"},"content":{"rendered":"<div id=\"DataSourceText1148_f95f76a0f71f44ee930c8665eca131b710\" class=\"DataSourceText\" data-id=\"DataSourceText1148_f95f76a0f71f44ee930c8665eca131b710\"><\/div>\n<div id=\"DataSourceText1148_f95f76a0f71f44ee930c8665eca131b711\" class=\"DataSourceText\" data-id=\"DataSourceText1148_f95f76a0f71f44ee930c8665eca131b711\">\n<div><\/div>\n<div><img loading=\"lazy\" decoding=\"async\" class=\"alignnone size-medium wp-image-95\" src=\"https:\/\/contecmedsystem.co\/wp-content\/uploads\/2023\/09\/monitor-74x300.webp\" alt=\"\" width=\"74\" height=\"300\" \/><\/div>\n<\/div>\n","protected":false},"excerpt":{"rendered":"<div id=\"DataSourceText1148_f95f76a0f71f44ee930c8665eca131b710\" class=\"DataSourceText\" data-id=\"DataSourceText1148_f95f76a0f71f44ee930c8665eca131b710\">\n<div>ANTERIOR:<a href=\"https:\/\/es.contecmedsystem.com\/product\/contec-cms8500-new-design-hospital-icu-patient-monitor-portable-cardiac-monitor\">CONTEC CMS8500 nuevo dise\u00f1o hospital UCI monitor de paciente monitor card\u00edaco port\u00e1til<\/a><\/div>\n<\/div>\n<div id=\"DataSourceText1148_f95f76a0f71f44ee930c8665eca131b711\" class=\"DataSourceText\" data-id=\"DataSourceText1148_f95f76a0f71f44ee930c8665eca131b711\">\n<div>SIGUIENTE:<a href=\"https:\/\/es.contecmedsystem.com\/product\/contec_cms8000_multi_parameter_patient_monitor_icu_hospital_clinics_with_ce_fda\">CONTEC CMS8000 Monitor de paciente multipar\u00e1metro UCI Cl\u00ednicas hospitalarias con CE\/FDA<\/a><\/div>\n<\/div>\n","protected":false},"featured_media":95,"comment_status":"open","ping_status":"closed","template":"","meta":{"site-sidebar-layout":"default","site-content-layout":"","ast-site-content-layout":"default","site-content-style":"default","site-sidebar-style":"default","ast-global-header-display":"","ast-banner-title-visibility":"","ast-main-header-display":"","ast-hfb-above-header-display":"","ast-hfb-below-header-display":"","ast-hfb-mobile-header-display":"","site-post-title":"","ast-breadcrumbs-content":"","ast-featured-img":"","footer-sml-layout":"","theme-transparent-header-meta":"default","adv-header-id-meta":"","stick-header-meta":"","header-above-stick-meta":"","header-main-stick-meta":"","header-below-stick-meta":"","astra-migrate-meta-layouts":"set"},"product_cat":[18],"product_tag":[],"class_list":["post-94","product","type-product","status-publish","has-post-thumbnail","hentry","product_cat-monitor-de-paciente","desktop-align-left","tablet-align-left","mobile-align-left"],"yoast_head":"<!-- This site is optimized with the Yoast SEO plugin v21.2 - https:\/\/yoast.com\/wordpress\/plugins\/seo\/ -->\n<title>Monitor de paciente port\u00e1til din\u00e1mico CONTEC monitor din\u00e1mico de signos vitales - Contec Med System<\/title>\n<meta name=\"robots\" content=\"index, follow, max-snippet:-1, max-image-preview:large, max-video-preview:-1\" \/>\n<link rel=\"canonical\" href=\"https:\/\/contecmedsystem.com.co\/index.php\/producto\/monitor-de-paciente-portatil-dinamico-contec-monitor-dinamico-de-signos-vitales\/\" \/>\n<meta property=\"og:locale\" content=\"es_ES\" \/>\n<meta property=\"og:type\" content=\"article\" \/>\n<meta property=\"og:title\" content=\"Monitor de paciente port\u00e1til din\u00e1mico CONTEC monitor din\u00e1mico de signos vitales - Contec Med System\" \/>\n<meta property=\"og:description\" content=\"ANTERIOR:CONTEC CMS8500 nuevo dise\u00f1o hospital UCI monitor de paciente monitor card\u00edaco port\u00e1til   SIGUIENTE:CONTEC CMS8000 Monitor de paciente multipar\u00e1metro UCI Cl\u00ednicas hospitalarias con CE\/FDA\" \/>\n<meta property=\"og:url\" content=\"https:\/\/contecmedsystem.com.co\/index.php\/producto\/monitor-de-paciente-portatil-dinamico-contec-monitor-dinamico-de-signos-vitales\/\" \/>\n<meta property=\"og:site_name\" content=\"Contec Med System\" \/>\n<meta property=\"article:modified_time\" content=\"2023-09-05T17:32:28+00:00\" \/>\n<meta property=\"og:image\" content=\"https:\/\/contecmedsystem.com.co\/wp-content\/uploads\/2023\/09\/monitor-scaled-e1693935127771.webp\" \/>\n\t<meta property=\"og:image:width\" content=\"635\" \/>\n\t<meta property=\"og:image:height\" content=\"631\" \/>\n\t<meta property=\"og:image:type\" content=\"image\/webp\" \/>\n<meta name=\"twitter:card\" content=\"summary_large_image\" \/>\n<meta name=\"twitter:label1\" content=\"Tiempo de lectura\" \/>\n\t<meta name=\"twitter:data1\" content=\"1 minuto\" \/>\n<script type=\"application\/ld+json\" class=\"yoast-schema-graph\">{\"@context\":\"https:\/\/schema.org\",\"@graph\":[{\"@type\":\"WebPage\",\"@id\":\"https:\/\/contecmedsystem.com.co\/index.php\/producto\/monitor-de-paciente-portatil-dinamico-contec-monitor-dinamico-de-signos-vitales\/\",\"url\":\"https:\/\/contecmedsystem.com.co\/index.php\/producto\/monitor-de-paciente-portatil-dinamico-contec-monitor-dinamico-de-signos-vitales\/\",\"name\":\"Monitor de paciente port\u00e1til din\u00e1mico CONTEC monitor din\u00e1mico de signos vitales - Contec Med System\",\"isPartOf\":{\"@id\":\"https:\/\/contecmedsystem.com.co\/#website\"},\"datePublished\":\"2023-09-05T17:31:12+00:00\",\"dateModified\":\"2023-09-05T17:32:28+00:00\",\"breadcrumb\":{\"@id\":\"https:\/\/contecmedsystem.com.co\/index.php\/producto\/monitor-de-paciente-portatil-dinamico-contec-monitor-dinamico-de-signos-vitales\/#breadcrumb\"},\"inLanguage\":\"es\",\"potentialAction\":[{\"@type\":\"ReadAction\",\"target\":[\"https:\/\/contecmedsystem.com.co\/index.php\/producto\/monitor-de-paciente-portatil-dinamico-contec-monitor-dinamico-de-signos-vitales\/\"]}]},{\"@type\":\"BreadcrumbList\",\"@id\":\"https:\/\/contecmedsystem.com.co\/index.php\/producto\/monitor-de-paciente-portatil-dinamico-contec-monitor-dinamico-de-signos-vitales\/#breadcrumb\",\"itemListElement\":[{\"@type\":\"ListItem\",\"position\":1,\"name\":\"Portada\",\"item\":\"https:\/\/contecmedsystem.com.co\/\"},{\"@type\":\"ListItem\",\"position\":2,\"name\":\"Productos\",\"item\":\"https:\/\/contecmedsystem.com.co\/index.php\/tienda\/\"},{\"@type\":\"ListItem\",\"position\":3,\"name\":\"Monitor de paciente port\u00e1til din\u00e1mico CONTEC monitor din\u00e1mico de signos vitales\"}]},{\"@type\":\"WebSite\",\"@id\":\"https:\/\/contecmedsystem.com.co\/#website\",\"url\":\"https:\/\/contecmedsystem.com.co\/\",\"name\":\"Contec Med System\",\"description\":\"\",\"publisher\":{\"@id\":\"https:\/\/contecmedsystem.com.co\/#organization\"},\"potentialAction\":[{\"@type\":\"SearchAction\",\"target\":{\"@type\":\"EntryPoint\",\"urlTemplate\":\"https:\/\/contecmedsystem.com.co\/?s={search_term_string}\"},\"query-input\":\"required name=search_term_string\"}],\"inLanguage\":\"es\"},{\"@type\":\"Organization\",\"@id\":\"https:\/\/contecmedsystem.com.co\/#organization\",\"name\":\"Contec Med System\",\"url\":\"https:\/\/contecmedsystem.com.co\/\",\"logo\":{\"@type\":\"ImageObject\",\"inLanguage\":\"es\",\"@id\":\"https:\/\/contecmedsystem.com.co\/#\/schema\/logo\/image\/\",\"url\":\"https:\/\/contecmedsystem.co\/wp-content\/uploads\/2023\/09\/logopng.png\",\"contentUrl\":\"https:\/\/contecmedsystem.co\/wp-content\/uploads\/2023\/09\/logopng.png\",\"width\":500,\"height\":97,\"caption\":\"Contec Med System\"},\"image\":{\"@id\":\"https:\/\/contecmedsystem.com.co\/#\/schema\/logo\/image\/\"}}]}<\/script>\n<!-- \/ Yoast SEO plugin. -->","yoast_head_json":{"title":"Monitor de paciente port\u00e1til din\u00e1mico CONTEC monitor din\u00e1mico de signos vitales - Contec Med System","robots":{"index":"index","follow":"follow","max-snippet":"max-snippet:-1","max-image-preview":"max-image-preview:large","max-video-preview":"max-video-preview:-1"},"canonical":"https:\/\/contecmedsystem.com.co\/index.php\/producto\/monitor-de-paciente-portatil-dinamico-contec-monitor-dinamico-de-signos-vitales\/","og_locale":"es_ES","og_type":"article","og_title":"Monitor de paciente port\u00e1til din\u00e1mico CONTEC monitor din\u00e1mico de signos vitales - Contec Med System","og_description":"ANTERIOR:CONTEC CMS8500 nuevo dise\u00f1o hospital UCI monitor de paciente monitor card\u00edaco port\u00e1til   SIGUIENTE:CONTEC CMS8000 Monitor de paciente multipar\u00e1metro UCI Cl\u00ednicas hospitalarias con CE\/FDA","og_url":"https:\/\/contecmedsystem.com.co\/index.php\/producto\/monitor-de-paciente-portatil-dinamico-contec-monitor-dinamico-de-signos-vitales\/","og_site_name":"Contec Med System","article_modified_time":"2023-09-05T17:32:28+00:00","og_image":[{"width":635,"height":631,"url":"https:\/\/contecmedsystem.com.co\/wp-content\/uploads\/2023\/09\/monitor-scaled-e1693935127771.webp","type":"image\/webp"}],"twitter_card":"summary_large_image","twitter_misc":{"Tiempo de lectura":"1 minuto"},"schema":{"@context":"https:\/\/schema.org","@graph":[{"@type":"WebPage","@id":"https:\/\/contecmedsystem.com.co\/index.php\/producto\/monitor-de-paciente-portatil-dinamico-contec-monitor-dinamico-de-signos-vitales\/","url":"https:\/\/contecmedsystem.com.co\/index.php\/producto\/monitor-de-paciente-portatil-dinamico-contec-monitor-dinamico-de-signos-vitales\/","name":"Monitor de paciente port\u00e1til din\u00e1mico CONTEC monitor din\u00e1mico de signos vitales - Contec Med System","isPartOf":{"@id":"https:\/\/contecmedsystem.com.co\/#website"},"datePublished":"2023-09-05T17:31:12+00:00","dateModified":"2023-09-05T17:32:28+00:00","breadcrumb":{"@id":"https:\/\/contecmedsystem.com.co\/index.php\/producto\/monitor-de-paciente-portatil-dinamico-contec-monitor-dinamico-de-signos-vitales\/#breadcrumb"},"inLanguage":"es","potentialAction":[{"@type":"ReadAction","target":["https:\/\/contecmedsystem.com.co\/index.php\/producto\/monitor-de-paciente-portatil-dinamico-contec-monitor-dinamico-de-signos-vitales\/"]}]},{"@type":"BreadcrumbList","@id":"https:\/\/contecmedsystem.com.co\/index.php\/producto\/monitor-de-paciente-portatil-dinamico-contec-monitor-dinamico-de-signos-vitales\/#breadcrumb","itemListElement":[{"@type":"ListItem","position":1,"name":"Portada","item":"https:\/\/contecmedsystem.com.co\/"},{"@type":"ListItem","position":2,"name":"Productos","item":"https:\/\/contecmedsystem.com.co\/index.php\/tienda\/"},{"@type":"ListItem","position":3,"name":"Monitor de paciente port\u00e1til din\u00e1mico CONTEC monitor din\u00e1mico de signos vitales"}]},{"@type":"WebSite","@id":"https:\/\/contecmedsystem.com.co\/#website","url":"https:\/\/contecmedsystem.com.co\/","name":"Contec Med System","description":"","publisher":{"@id":"https:\/\/contecmedsystem.com.co\/#organization"},"potentialAction":[{"@type":"SearchAction","target":{"@type":"EntryPoint","urlTemplate":"https:\/\/contecmedsystem.com.co\/?s={search_term_string}"},"query-input":"required name=search_term_string"}],"inLanguage":"es"},{"@type":"Organization","@id":"https:\/\/contecmedsystem.com.co\/#organization","name":"Contec Med System","url":"https:\/\/contecmedsystem.com.co\/","logo":{"@type":"ImageObject","inLanguage":"es","@id":"https:\/\/contecmedsystem.com.co\/#\/schema\/logo\/image\/","url":"https:\/\/contecmedsystem.co\/wp-content\/uploads\/2023\/09\/logopng.png","contentUrl":"https:\/\/contecmedsystem.co\/wp-content\/uploads\/2023\/09\/logopng.png","width":500,"height":97,"caption":"Contec Med System"},"image":{"@id":"https:\/\/contecmedsystem.com.co\/#\/schema\/logo\/image\/"}}]}},"_links":{"self":[{"href":"https:\/\/contecmedsystem.com.co\/index.php\/wp-json\/wp\/v2\/product\/94","targetHints":{"allow":["GET"]}}],"collection":[{"href":"https:\/\/contecmedsystem.com.co\/index.php\/wp-json\/wp\/v2\/product"}],"about":[{"href":"https:\/\/contecmedsystem.com.co\/index.php\/wp-json\/wp\/v2\/types\/product"}],"replies":[{"embeddable":true,"href":"https:\/\/contecmedsystem.com.co\/index.php\/wp-json\/wp\/v2\/comments?post=94"}],"wp:featuredmedia":[{"embeddable":true,"href":"https:\/\/contecmedsystem.com.co\/index.php\/wp-json\/wp\/v2\/media\/95"}],"wp:attachment":[{"href":"https:\/\/contecmedsystem.com.co\/index.php\/wp-json\/wp\/v2\/media?parent=94"}],"wp:term":[{"taxonomy":"product_cat","embeddable":true,"href":"https:\/\/contecmedsystem.com.co\/index.php\/wp-json\/wp\/v2\/product_cat?post=94"},{"taxonomy":"product_tag","embeddable":true,"href":"https:\/\/contecmedsystem.com.co\/index.php\/wp-json\/wp\/v2\/product_tag?post=94"}],"curies":[{"name":"wp","href":"https:\/\/api.w.org\/{rel}","templated":true}]}}