{"id":96,"date":"2023-09-05T17:34:12","date_gmt":"2023-09-05T17:34:12","guid":{"rendered":"https:\/\/contecmedsystem.co\/?post_type=product&#038;p=96"},"modified":"2023-09-05T17:34:47","modified_gmt":"2023-09-05T17:34:47","slug":"contec-pm20-diagnostico-medico-ecg-electrocardiograma-cuidado-de-la-salud-personal-portatil-6-derivaciones-ecg-monitor-con-analizador","status":"publish","type":"product","link":"https:\/\/contecmedsystem.com.co\/index.php\/producto\/contec-pm20-diagnostico-medico-ecg-electrocardiograma-cuidado-de-la-salud-personal-portatil-6-derivaciones-ecg-monitor-con-analizador\/","title":{"rendered":"Contec PM20 Diagn\u00f3stico m\u00e9dico ecg electrocardiograma cuidado de la salud personal port\u00e1til 6 derivaciones Ecg monitor con analizador"},"content":{"rendered":"<p><img loading=\"lazy\" decoding=\"async\" class=\"alignnone size-medium wp-image-98\" src=\"https:\/\/contecmedsystem.co\/wp-content\/uploads\/2023\/09\/2-223x300.webp\" alt=\"\" width=\"223\" height=\"300\" srcset=\"https:\/\/contecmedsystem.com.co\/wp-content\/uploads\/2023\/09\/2-223x300.webp 223w, https:\/\/contecmedsystem.com.co\/wp-content\/uploads\/2023\/09\/2-600x808.webp 600w, https:\/\/contecmedsystem.com.co\/wp-content\/uploads\/2023\/09\/2-760x1024.webp 760w, https:\/\/contecmedsystem.com.co\/wp-content\/uploads\/2023\/09\/2-768x1034.webp 768w, https:\/\/contecmedsystem.com.co\/wp-content\/uploads\/2023\/09\/2.webp 1000w\" sizes=\"auto, (max-width: 223px) 100vw, 223px\" \/><\/p>\n<p>&nbsp;<\/p>\n<p>El monitor de ECG port\u00e1til PM20 es un dispositivo para controlar el ECG, que es aplicable para usuarios familiares e individuales, es una buena ayuda para prevenir enfermedades cardiovasculares y reducir los riesgos.<\/p>\n<p>Dise\u00f1o inteligente, logra la gesti\u00f3n remota de la salud mediante el uso de una aplicaci\u00f3n m\u00f3vil, puede iniciar autom\u00e1ticamente la medici\u00f3n, almacenar ECG, cargar datos, descargar conclusiones de salud y obtener asesoramiento m\u00e9dico en el primer momento.<\/p>\n<p>&nbsp;<\/p>\n<p>Caracter\u00edsticas<\/p>\n<p>1) LCD TFT a color de 2,4&#8243;<\/p>\n<p>2) R\u00e1pidamente para comprobar el ECG una vez que se toca el dedo, conveniente para obtener un electrocardiograma de una o seis derivaciones.<\/p>\n<p>3) Se puede obtener una conclusi\u00f3n precisa inmediatamente despu\u00e9s de la medici\u00f3n.<\/p>\n<p>4) La bater\u00eda de litio recargable incorporada puede grabar continuamente hasta 500 casos con carga completa.<\/p>\n<p>5) Transmisi\u00f3n de dientes.<\/p>\n<p>6) Los datos de ECG se pueden guardar en la plataforma CLOUD de forma permanente, conveniente para verificar y analizar.<\/p>\n<p>7) Los datos hist\u00f3ricos se pueden revisar de forma din\u00e1mica, proporcionan una visualizaci\u00f3n animada.<\/p>\n<p>8) Los datos hist\u00f3ricos se pueden imprimir en cualquier momento, conveniente para diagnosticar.<\/p>\n","protected":false},"excerpt":{"rendered":"<div id=\"ProDel224_f95f76a0f71f44ee930c8665eca131b79\" class=\"ProDel\" data-id=\"ProDel224_f95f76a0f71f44ee930c8665eca131b79\">\n<div class=\"ProdelContent\">\n<p>Actuaci\u00f3n<\/p>\n<p>\uf075Plomo: 6 cables est\u00e1ndar, I\/ II \/III\/aVR\/aVL\/aVF<\/p>\n<p>\uf075Voltaje de calibraci\u00f3n: 1mV\u00b15%<\/p>\n<p>\uf075Sensibilidad est\u00e1ndar: 10 mm\/mV\u00b15 %<\/p>\n<p>\uf075Caracter\u00edstica de frecuencia de amplitud\uff1a est\u00e1ndar: 10Hz\uff0c1Hz\uff5e20Hz\uff1b(+0.4dB\uff0c-3dB)<\/p>\n<p>\uf075Nivel de ruido\uff1a\u226430\u03bcV<\/p>\n<p>\uf075CMRR\uff1a\u226560dB<\/p>\n<p>\uf075Velocidad de escaneo: 25 mm\/s\u00b15 %<\/p>\n<p>\uf075Tasa de muestreo: 250 puntos\/s<\/p>\n<p>\uf075Rango de medici\u00f3n de FC: 30bpm~300bpm, error: \u00b11bpm o 1%<\/p>\n<p>\uf075Tipo de protecci\u00f3n contra descargas el\u00e9ctricas: Dispositivo de alimentaci\u00f3n interno<\/p>\n<p>\uf075Grado de protecci\u00f3n contra descargas el\u00e9ctricas: pieza aplicada tipo BF<\/p>\n<p>\uf075Grado de impermeabilidad: IP22<\/p>\n<p>&nbsp;<\/p>\n<p>&nbsp;<\/p>\n<p>Accesorios<\/p>\n<p>\uf0751.Cable de alimentaci\u00f3n, 1<\/p>\n<p>\uf0752.Manual de usuario, 1<\/p>\n<p>&nbsp;<\/p>\n<p>&nbsp;<\/p>\n<p>Caracter\u00edstica f\u00edsica<\/p>\n<p>Dimensi\u00f3n: 122 mm (largo) \u00d7 56 mm (ancho) \u00d7 17 mm (alto)<\/p>\n<p>Peso: 84g<\/p>\n<\/div>\n<\/div>\n<div id=\"ProDel224_2485857db4965e21a0784ee1dbff73d50\" class=\"ProDel\" data-id=\"ProDel224_2485857db4965e21a0784ee1dbff73d50\">\n<div class=\"ProdelContent\">\n<p>Preguntas m\u00e1s frecuentes<\/p>\n<p>1.Q: \u00bfD\u00f3nde est\u00e1 ubicada su f\u00e1brica?<\/p>\n<p>R: Nuestra f\u00e1brica tiene su sede en la ciudad costera de belleza, Qinhuangdao, China<\/p>\n<p>2.Q: \u00bfQu\u00e9 fabrica su empresa y cu\u00e1les son los principales productos de su empresa?<\/p>\n<p>R\uff1aContec Medical Systems Co., Ltd. se enfoca en la investigaci\u00f3n, fabricaci\u00f3n y distribuci\u00f3n de dispositivos m\u00e9dicos, fue fundada en 1996 como una empresa de alta tecnolog\u00eda. CONTEC cubre un \u00e1rea de 125 acres y un \u00e1rea de construcci\u00f3n de m\u00e1s de 100000 metros cuadrados, que es una de las bases m\u00e1s grandes para I + D y producci\u00f3n de dispositivos m\u00e9dicos en China.<\/p>\n<p>3.Q: \u00bfCu\u00e1les son las ventajas de su empresa?<\/p>\n<p>R: La principal competencia de Contec es que integra la capacidad de dise\u00f1o, investigaci\u00f3n y desarrollo, dise\u00f1o de herramientas, SMT, producci\u00f3n y empaque sin subcontrataci\u00f3n. La integraci\u00f3n de varias capacidades asegura la eficiencia de la producci\u00f3n y la calidad del producto, reduce el costo y mejora la competitividad del mercado.<\/p>\n<p>Tambi\u00e9n tenemos un certificado completo como CE\/ISO y FDA, etc., y somos una empresa que cotiza en China, lo que significa que tenemos una buena garant\u00eda de calidad.<\/p>\n<p>4.Q: \u00bfApoya el env\u00edo gratuito de muestras?<\/p>\n<p>R: S\u00ed, admitimos ciertos productos peque\u00f1os, pero necesitamos que nos proporcione la informaci\u00f3n detallada de su empresa que nos respaldar\u00eda en la solicitud de muestras gratuitas. O puede optar por comprar la muestra a un precio con descuento.<\/p>\n<p>5. P: \u00bfAdmite OEM\/ODM?<\/p>\n<p>R: S\u00ed, admitimos todo tipo de OEM\/ODM y etiquetas privadas, puede elegir su propio dise\u00f1o con nuestros productos actuales para una r\u00e1pida promoci\u00f3n en el mercado.<\/p>\n<p>6.Q: \u00bfCu\u00e1l es su garant\u00eda?<\/p>\n<p>R: Nuestra garant\u00eda es de 18 meses para m\u00e1quinas y 6 meses para accesorios.<\/p>\n<p>7. \u00bfPuedo obtener un buen descuento cuando realizo el pedido?<\/p>\n<p>Puede consultar a nuestro representante de ventas para obtener un descuento.<\/p>\n<p>Para obtener m\u00e1s informaci\u00f3n, haga clic en \u00abCont\u00e1ctenos\u00bb arriba o \u00abpreg\u00fantenos\u00bb en la esquina derecha. Responderemos tan pronto como podamos.<\/p>\n<\/div>\n<\/div>\n","protected":false},"featured_media":97,"comment_status":"open","ping_status":"closed","template":"","meta":{"site-sidebar-layout":"default","site-content-layout":"","ast-site-content-layout":"default","site-content-style":"default","site-sidebar-style":"default","ast-global-header-display":"","ast-banner-title-visibility":"","ast-main-header-display":"","ast-hfb-above-header-display":"","ast-hfb-below-header-display":"","ast-hfb-mobile-header-display":"","site-post-title":"","ast-breadcrumbs-content":"","ast-featured-img":"","footer-sml-layout":"","theme-transparent-header-meta":"default","adv-header-id-meta":"","stick-header-meta":"","header-above-stick-meta":"","header-main-stick-meta":"","header-below-stick-meta":"","astra-migrate-meta-layouts":"set"},"product_cat":[19],"product_tag":[],"class_list":["post-96","product","type-product","status-publish","has-post-thumbnail","hentry","product_cat-maquina-de-ecg-estacion-de-trabajo-y-holter","desktop-align-left","tablet-align-left","mobile-align-left"],"yoast_head":"<!-- This site is optimized with the Yoast SEO plugin v21.2 - https:\/\/yoast.com\/wordpress\/plugins\/seo\/ -->\n<title>Contec PM20 Diagn\u00f3stico m\u00e9dico ecg electrocardiograma cuidado de la salud personal port\u00e1til 6 derivaciones Ecg monitor con analizador - Contec Med System<\/title>\n<meta name=\"robots\" content=\"index, follow, max-snippet:-1, max-image-preview:large, max-video-preview:-1\" \/>\n<link rel=\"canonical\" href=\"https:\/\/contecmedsystem.com.co\/index.php\/producto\/contec-pm20-diagnostico-medico-ecg-electrocardiograma-cuidado-de-la-salud-personal-portatil-6-derivaciones-ecg-monitor-con-analizador\/\" \/>\n<meta property=\"og:locale\" content=\"es_ES\" \/>\n<meta property=\"og:type\" content=\"article\" \/>\n<meta property=\"og:title\" content=\"Contec PM20 Diagn\u00f3stico m\u00e9dico ecg electrocardiograma cuidado de la salud personal port\u00e1til 6 derivaciones Ecg monitor con analizador - Contec Med System\" \/>\n<meta property=\"og:description\" content=\"Actuaci\u00f3n  \uf075Plomo: 6 cables est\u00e1ndar, I\/ II \/III\/aVR\/aVL\/aVF  \uf075Voltaje de calibraci\u00f3n: 1mV\u00b15%  \uf075Sensibilidad est\u00e1ndar: 10 mm\/mV\u00b15 %  \uf075Caracter\u00edstica de frecuencia de amplitud\uff1a est\u00e1ndar: 10Hz\uff0c1Hz\uff5e20Hz\uff1b(+0.4dB\uff0c-3dB)  \uf075Nivel de ruido\uff1a\u226430\u03bcV  \uf075CMRR\uff1a\u226560dB  \uf075Velocidad de escaneo: 25 mm\/s\u00b15 %  \uf075Tasa de muestreo: 250 puntos\/s  \uf075Rango de medici\u00f3n de FC: 30bpm~300bpm, error: \u00b11bpm o 1%  \uf075Tipo de protecci\u00f3n contra descargas el\u00e9ctricas: Dispositivo de alimentaci\u00f3n interno  \uf075Grado de protecci\u00f3n contra descargas el\u00e9ctricas: pieza aplicada tipo BF  \uf075Grado de impermeabilidad: IP22  &nbsp;  &nbsp;  Accesorios  \uf0751.Cable de alimentaci\u00f3n, 1  \uf0752.Manual de usuario, 1  &nbsp;  &nbsp;  Caracter\u00edstica f\u00edsica  Dimensi\u00f3n: 122 mm (largo) \u00d7 56 mm (ancho) \u00d7 17 mm (alto)  Peso: 84g       Preguntas m\u00e1s frecuentes  1.Q: \u00bfD\u00f3nde est\u00e1 ubicada su f\u00e1brica?  R: Nuestra f\u00e1brica tiene su sede en la ciudad costera de belleza, Qinhuangdao, China  2.Q: \u00bfQu\u00e9 fabrica su empresa y cu\u00e1les son los principales productos de su empresa?  R\uff1aContec Medical Systems Co., Ltd. se enfoca en la investigaci\u00f3n, fabricaci\u00f3n y distribuci\u00f3n de dispositivos m\u00e9dicos, fue fundada en 1996 como una empresa de alta tecnolog\u00eda. CONTEC cubre un \u00e1rea de 125 acres y un \u00e1rea de construcci\u00f3n de m\u00e1s de 100000 metros cuadrados, que es una de las bases m\u00e1s grandes para I + D y producci\u00f3n de dispositivos m\u00e9dicos en China.  3.Q: \u00bfCu\u00e1les son las ventajas de su empresa?  R: La principal competencia de Contec es que integra la capacidad de dise\u00f1o, investigaci\u00f3n y desarrollo, dise\u00f1o de herramientas, SMT, producci\u00f3n y empaque sin subcontrataci\u00f3n. La integraci\u00f3n de varias capacidades asegura la eficiencia de la producci\u00f3n y la calidad del producto, reduce el costo y mejora la competitividad del mercado.  Tambi\u00e9n tenemos un certificado completo como CE\/ISO y FDA, etc., y somos una empresa que cotiza en China, lo que significa que tenemos una buena garant\u00eda de calidad.  4.Q: \u00bfApoya el env\u00edo gratuito de muestras?  R: S\u00ed, admitimos ciertos productos peque\u00f1os, pero necesitamos que nos proporcione la informaci\u00f3n detallada de su empresa que nos respaldar\u00eda en la solicitud de muestras gratuitas. O puede optar por comprar la muestra a un precio con descuento.  5. P: \u00bfAdmite OEM\/ODM?  R: S\u00ed, admitimos todo tipo de OEM\/ODM y etiquetas privadas, puede elegir su propio dise\u00f1o con nuestros productos actuales para una r\u00e1pida promoci\u00f3n en el mercado.  6.Q: \u00bfCu\u00e1l es su garant\u00eda?  R: Nuestra garant\u00eda es de 18 meses para m\u00e1quinas y 6 meses para accesorios.  7. \u00bfPuedo obtener un buen descuento cuando realizo el pedido?  Puede consultar a nuestro representante de ventas para obtener un descuento.  Para obtener m\u00e1s informaci\u00f3n, haga clic en &quot;Cont\u00e1ctenos&quot; arriba o &quot;preg\u00fantenos&quot; en la esquina derecha. Responderemos tan pronto como podamos.\" \/>\n<meta property=\"og:url\" content=\"https:\/\/contecmedsystem.com.co\/index.php\/producto\/contec-pm20-diagnostico-medico-ecg-electrocardiograma-cuidado-de-la-salud-personal-portatil-6-derivaciones-ecg-monitor-con-analizador\/\" \/>\n<meta property=\"og:site_name\" content=\"Contec Med System\" \/>\n<meta property=\"article:modified_time\" content=\"2023-09-05T17:34:47+00:00\" \/>\n<meta property=\"og:image\" content=\"https:\/\/contecmedsystem.com.co\/wp-content\/uploads\/2023\/09\/contec-pm20.webp\" \/>\n\t<meta property=\"og:image:width\" content=\"1000\" \/>\n\t<meta property=\"og:image:height\" content=\"1347\" \/>\n\t<meta property=\"og:image:type\" content=\"image\/webp\" \/>\n<meta name=\"twitter:card\" content=\"summary_large_image\" \/>\n<meta name=\"twitter:label1\" content=\"Tiempo de lectura\" \/>\n\t<meta name=\"twitter:data1\" content=\"2 minutos\" \/>\n<script type=\"application\/ld+json\" class=\"yoast-schema-graph\">{\"@context\":\"https:\/\/schema.org\",\"@graph\":[{\"@type\":\"WebPage\",\"@id\":\"https:\/\/contecmedsystem.com.co\/index.php\/producto\/contec-pm20-diagnostico-medico-ecg-electrocardiograma-cuidado-de-la-salud-personal-portatil-6-derivaciones-ecg-monitor-con-analizador\/\",\"url\":\"https:\/\/contecmedsystem.com.co\/index.php\/producto\/contec-pm20-diagnostico-medico-ecg-electrocardiograma-cuidado-de-la-salud-personal-portatil-6-derivaciones-ecg-monitor-con-analizador\/\",\"name\":\"Contec PM20 Diagn\u00f3stico m\u00e9dico ecg electrocardiograma cuidado de la salud personal port\u00e1til 6 derivaciones Ecg monitor con analizador - Contec Med System\",\"isPartOf\":{\"@id\":\"https:\/\/contecmedsystem.com.co\/#website\"},\"datePublished\":\"2023-09-05T17:34:12+00:00\",\"dateModified\":\"2023-09-05T17:34:47+00:00\",\"breadcrumb\":{\"@id\":\"https:\/\/contecmedsystem.com.co\/index.php\/producto\/contec-pm20-diagnostico-medico-ecg-electrocardiograma-cuidado-de-la-salud-personal-portatil-6-derivaciones-ecg-monitor-con-analizador\/#breadcrumb\"},\"inLanguage\":\"es\",\"potentialAction\":[{\"@type\":\"ReadAction\",\"target\":[\"https:\/\/contecmedsystem.com.co\/index.php\/producto\/contec-pm20-diagnostico-medico-ecg-electrocardiograma-cuidado-de-la-salud-personal-portatil-6-derivaciones-ecg-monitor-con-analizador\/\"]}]},{\"@type\":\"BreadcrumbList\",\"@id\":\"https:\/\/contecmedsystem.com.co\/index.php\/producto\/contec-pm20-diagnostico-medico-ecg-electrocardiograma-cuidado-de-la-salud-personal-portatil-6-derivaciones-ecg-monitor-con-analizador\/#breadcrumb\",\"itemListElement\":[{\"@type\":\"ListItem\",\"position\":1,\"name\":\"Portada\",\"item\":\"https:\/\/contecmedsystem.com.co\/\"},{\"@type\":\"ListItem\",\"position\":2,\"name\":\"Productos\",\"item\":\"https:\/\/contecmedsystem.com.co\/index.php\/tienda\/\"},{\"@type\":\"ListItem\",\"position\":3,\"name\":\"Contec PM20 Diagn\u00f3stico m\u00e9dico ecg electrocardiograma cuidado de la salud personal port\u00e1til 6 derivaciones Ecg monitor con analizador\"}]},{\"@type\":\"WebSite\",\"@id\":\"https:\/\/contecmedsystem.com.co\/#website\",\"url\":\"https:\/\/contecmedsystem.com.co\/\",\"name\":\"Contec Med System\",\"description\":\"\",\"publisher\":{\"@id\":\"https:\/\/contecmedsystem.com.co\/#organization\"},\"potentialAction\":[{\"@type\":\"SearchAction\",\"target\":{\"@type\":\"EntryPoint\",\"urlTemplate\":\"https:\/\/contecmedsystem.com.co\/?s={search_term_string}\"},\"query-input\":\"required name=search_term_string\"}],\"inLanguage\":\"es\"},{\"@type\":\"Organization\",\"@id\":\"https:\/\/contecmedsystem.com.co\/#organization\",\"name\":\"Contec Med System\",\"url\":\"https:\/\/contecmedsystem.com.co\/\",\"logo\":{\"@type\":\"ImageObject\",\"inLanguage\":\"es\",\"@id\":\"https:\/\/contecmedsystem.com.co\/#\/schema\/logo\/image\/\",\"url\":\"https:\/\/contecmedsystem.co\/wp-content\/uploads\/2023\/09\/logopng.png\",\"contentUrl\":\"https:\/\/contecmedsystem.co\/wp-content\/uploads\/2023\/09\/logopng.png\",\"width\":500,\"height\":97,\"caption\":\"Contec Med System\"},\"image\":{\"@id\":\"https:\/\/contecmedsystem.com.co\/#\/schema\/logo\/image\/\"}}]}<\/script>\n<!-- \/ Yoast SEO plugin. -->","yoast_head_json":{"title":"Contec PM20 Diagn\u00f3stico m\u00e9dico ecg electrocardiograma cuidado de la salud personal port\u00e1til 6 derivaciones Ecg monitor con analizador - Contec Med System","robots":{"index":"index","follow":"follow","max-snippet":"max-snippet:-1","max-image-preview":"max-image-preview:large","max-video-preview":"max-video-preview:-1"},"canonical":"https:\/\/contecmedsystem.com.co\/index.php\/producto\/contec-pm20-diagnostico-medico-ecg-electrocardiograma-cuidado-de-la-salud-personal-portatil-6-derivaciones-ecg-monitor-con-analizador\/","og_locale":"es_ES","og_type":"article","og_title":"Contec PM20 Diagn\u00f3stico m\u00e9dico ecg electrocardiograma cuidado de la salud personal port\u00e1til 6 derivaciones Ecg monitor con analizador - Contec Med System","og_description":"Actuaci\u00f3n  \uf075Plomo: 6 cables est\u00e1ndar, I\/ II \/III\/aVR\/aVL\/aVF  \uf075Voltaje de calibraci\u00f3n: 1mV\u00b15%  \uf075Sensibilidad est\u00e1ndar: 10 mm\/mV\u00b15 %  \uf075Caracter\u00edstica de frecuencia de amplitud\uff1a est\u00e1ndar: 10Hz\uff0c1Hz\uff5e20Hz\uff1b(+0.4dB\uff0c-3dB)  \uf075Nivel de ruido\uff1a\u226430\u03bcV  \uf075CMRR\uff1a\u226560dB  \uf075Velocidad de escaneo: 25 mm\/s\u00b15 %  \uf075Tasa de muestreo: 250 puntos\/s  \uf075Rango de medici\u00f3n de FC: 30bpm~300bpm, error: \u00b11bpm o 1%  \uf075Tipo de protecci\u00f3n contra descargas el\u00e9ctricas: Dispositivo de alimentaci\u00f3n interno  \uf075Grado de protecci\u00f3n contra descargas el\u00e9ctricas: pieza aplicada tipo BF  \uf075Grado de impermeabilidad: IP22  &nbsp;  &nbsp;  Accesorios  \uf0751.Cable de alimentaci\u00f3n, 1  \uf0752.Manual de usuario, 1  &nbsp;  &nbsp;  Caracter\u00edstica f\u00edsica  Dimensi\u00f3n: 122 mm (largo) \u00d7 56 mm (ancho) \u00d7 17 mm (alto)  Peso: 84g       Preguntas m\u00e1s frecuentes  1.Q: \u00bfD\u00f3nde est\u00e1 ubicada su f\u00e1brica?  R: Nuestra f\u00e1brica tiene su sede en la ciudad costera de belleza, Qinhuangdao, China  2.Q: \u00bfQu\u00e9 fabrica su empresa y cu\u00e1les son los principales productos de su empresa?  R\uff1aContec Medical Systems Co., Ltd. se enfoca en la investigaci\u00f3n, fabricaci\u00f3n y distribuci\u00f3n de dispositivos m\u00e9dicos, fue fundada en 1996 como una empresa de alta tecnolog\u00eda. CONTEC cubre un \u00e1rea de 125 acres y un \u00e1rea de construcci\u00f3n de m\u00e1s de 100000 metros cuadrados, que es una de las bases m\u00e1s grandes para I + D y producci\u00f3n de dispositivos m\u00e9dicos en China.  3.Q: \u00bfCu\u00e1les son las ventajas de su empresa?  R: La principal competencia de Contec es que integra la capacidad de dise\u00f1o, investigaci\u00f3n y desarrollo, dise\u00f1o de herramientas, SMT, producci\u00f3n y empaque sin subcontrataci\u00f3n. La integraci\u00f3n de varias capacidades asegura la eficiencia de la producci\u00f3n y la calidad del producto, reduce el costo y mejora la competitividad del mercado.  Tambi\u00e9n tenemos un certificado completo como CE\/ISO y FDA, etc., y somos una empresa que cotiza en China, lo que significa que tenemos una buena garant\u00eda de calidad.  4.Q: \u00bfApoya el env\u00edo gratuito de muestras?  R: S\u00ed, admitimos ciertos productos peque\u00f1os, pero necesitamos que nos proporcione la informaci\u00f3n detallada de su empresa que nos respaldar\u00eda en la solicitud de muestras gratuitas. O puede optar por comprar la muestra a un precio con descuento.  5. P: \u00bfAdmite OEM\/ODM?  R: S\u00ed, admitimos todo tipo de OEM\/ODM y etiquetas privadas, puede elegir su propio dise\u00f1o con nuestros productos actuales para una r\u00e1pida promoci\u00f3n en el mercado.  6.Q: \u00bfCu\u00e1l es su garant\u00eda?  R: Nuestra garant\u00eda es de 18 meses para m\u00e1quinas y 6 meses para accesorios.  7. \u00bfPuedo obtener un buen descuento cuando realizo el pedido?  Puede consultar a nuestro representante de ventas para obtener un descuento.  Para obtener m\u00e1s informaci\u00f3n, haga clic en \"Cont\u00e1ctenos\" arriba o \"preg\u00fantenos\" en la esquina derecha. Responderemos tan pronto como podamos.","og_url":"https:\/\/contecmedsystem.com.co\/index.php\/producto\/contec-pm20-diagnostico-medico-ecg-electrocardiograma-cuidado-de-la-salud-personal-portatil-6-derivaciones-ecg-monitor-con-analizador\/","og_site_name":"Contec Med System","article_modified_time":"2023-09-05T17:34:47+00:00","og_image":[{"width":1000,"height":1347,"url":"https:\/\/contecmedsystem.com.co\/wp-content\/uploads\/2023\/09\/contec-pm20.webp","type":"image\/webp"}],"twitter_card":"summary_large_image","twitter_misc":{"Tiempo de lectura":"2 minutos"},"schema":{"@context":"https:\/\/schema.org","@graph":[{"@type":"WebPage","@id":"https:\/\/contecmedsystem.com.co\/index.php\/producto\/contec-pm20-diagnostico-medico-ecg-electrocardiograma-cuidado-de-la-salud-personal-portatil-6-derivaciones-ecg-monitor-con-analizador\/","url":"https:\/\/contecmedsystem.com.co\/index.php\/producto\/contec-pm20-diagnostico-medico-ecg-electrocardiograma-cuidado-de-la-salud-personal-portatil-6-derivaciones-ecg-monitor-con-analizador\/","name":"Contec PM20 Diagn\u00f3stico m\u00e9dico ecg electrocardiograma cuidado de la salud personal port\u00e1til 6 derivaciones Ecg monitor con analizador - Contec Med System","isPartOf":{"@id":"https:\/\/contecmedsystem.com.co\/#website"},"datePublished":"2023-09-05T17:34:12+00:00","dateModified":"2023-09-05T17:34:47+00:00","breadcrumb":{"@id":"https:\/\/contecmedsystem.com.co\/index.php\/producto\/contec-pm20-diagnostico-medico-ecg-electrocardiograma-cuidado-de-la-salud-personal-portatil-6-derivaciones-ecg-monitor-con-analizador\/#breadcrumb"},"inLanguage":"es","potentialAction":[{"@type":"ReadAction","target":["https:\/\/contecmedsystem.com.co\/index.php\/producto\/contec-pm20-diagnostico-medico-ecg-electrocardiograma-cuidado-de-la-salud-personal-portatil-6-derivaciones-ecg-monitor-con-analizador\/"]}]},{"@type":"BreadcrumbList","@id":"https:\/\/contecmedsystem.com.co\/index.php\/producto\/contec-pm20-diagnostico-medico-ecg-electrocardiograma-cuidado-de-la-salud-personal-portatil-6-derivaciones-ecg-monitor-con-analizador\/#breadcrumb","itemListElement":[{"@type":"ListItem","position":1,"name":"Portada","item":"https:\/\/contecmedsystem.com.co\/"},{"@type":"ListItem","position":2,"name":"Productos","item":"https:\/\/contecmedsystem.com.co\/index.php\/tienda\/"},{"@type":"ListItem","position":3,"name":"Contec PM20 Diagn\u00f3stico m\u00e9dico ecg electrocardiograma cuidado de la salud personal port\u00e1til 6 derivaciones Ecg monitor con analizador"}]},{"@type":"WebSite","@id":"https:\/\/contecmedsystem.com.co\/#website","url":"https:\/\/contecmedsystem.com.co\/","name":"Contec Med System","description":"","publisher":{"@id":"https:\/\/contecmedsystem.com.co\/#organization"},"potentialAction":[{"@type":"SearchAction","target":{"@type":"EntryPoint","urlTemplate":"https:\/\/contecmedsystem.com.co\/?s={search_term_string}"},"query-input":"required name=search_term_string"}],"inLanguage":"es"},{"@type":"Organization","@id":"https:\/\/contecmedsystem.com.co\/#organization","name":"Contec Med System","url":"https:\/\/contecmedsystem.com.co\/","logo":{"@type":"ImageObject","inLanguage":"es","@id":"https:\/\/contecmedsystem.com.co\/#\/schema\/logo\/image\/","url":"https:\/\/contecmedsystem.co\/wp-content\/uploads\/2023\/09\/logopng.png","contentUrl":"https:\/\/contecmedsystem.co\/wp-content\/uploads\/2023\/09\/logopng.png","width":500,"height":97,"caption":"Contec Med System"},"image":{"@id":"https:\/\/contecmedsystem.com.co\/#\/schema\/logo\/image\/"}}]}},"_links":{"self":[{"href":"https:\/\/contecmedsystem.com.co\/index.php\/wp-json\/wp\/v2\/product\/96","targetHints":{"allow":["GET"]}}],"collection":[{"href":"https:\/\/contecmedsystem.com.co\/index.php\/wp-json\/wp\/v2\/product"}],"about":[{"href":"https:\/\/contecmedsystem.com.co\/index.php\/wp-json\/wp\/v2\/types\/product"}],"replies":[{"embeddable":true,"href":"https:\/\/contecmedsystem.com.co\/index.php\/wp-json\/wp\/v2\/comments?post=96"}],"wp:featuredmedia":[{"embeddable":true,"href":"https:\/\/contecmedsystem.com.co\/index.php\/wp-json\/wp\/v2\/media\/97"}],"wp:attachment":[{"href":"https:\/\/contecmedsystem.com.co\/index.php\/wp-json\/wp\/v2\/media?parent=96"}],"wp:term":[{"taxonomy":"product_cat","embeddable":true,"href":"https:\/\/contecmedsystem.com.co\/index.php\/wp-json\/wp\/v2\/product_cat?post=96"},{"taxonomy":"product_tag","embeddable":true,"href":"https:\/\/contecmedsystem.com.co\/index.php\/wp-json\/wp\/v2\/product_tag?post=96"}],"curies":[{"name":"wp","href":"https:\/\/api.w.org\/{rel}","templated":true}]}}