{"id":99,"date":"2023-09-05T17:36:58","date_gmt":"2023-09-05T17:36:58","guid":{"rendered":"https:\/\/contecmedsystem.co\/?post_type=product&#038;p=99"},"modified":"2023-09-05T17:36:58","modified_gmt":"2023-09-05T17:36:58","slug":"contec10e-portatil-bebe-corazon-amplificador-digital-bolsillo-fetal-doppler-precio-barato","status":"publish","type":"product","link":"https:\/\/contecmedsystem.com.co\/index.php\/producto\/contec10e-portatil-bebe-corazon-amplificador-digital-bolsillo-fetal-doppler-precio-barato\/","title":{"rendered":"CONTEC10E port\u00e1til beb\u00e9 coraz\u00f3n amplificador digital bolsillo fetal doppler precio barato"},"content":{"rendered":"<p><img loading=\"lazy\" decoding=\"async\" class=\"alignnone size-medium wp-image-102\" src=\"https:\/\/contecmedsystem.co\/wp-content\/uploads\/2023\/09\/contec-10-e-1-223x300.webp\" alt=\"\" width=\"223\" height=\"300\" srcset=\"https:\/\/contecmedsystem.com.co\/wp-content\/uploads\/2023\/09\/contec-10-e-1-223x300.webp 223w, https:\/\/contecmedsystem.com.co\/wp-content\/uploads\/2023\/09\/contec-10-e-1-600x807.webp 600w, https:\/\/contecmedsystem.com.co\/wp-content\/uploads\/2023\/09\/contec-10-e-1-761x1024.webp 761w, https:\/\/contecmedsystem.com.co\/wp-content\/uploads\/2023\/09\/contec-10-e-1-768x1033.webp 768w, https:\/\/contecmedsystem.com.co\/wp-content\/uploads\/2023\/09\/contec-10-e-1.webp 916w\" sizes=\"auto, (max-width: 223px) 100vw, 223px\" \/><\/p>\n<p><strong>Preguntas m\u00e1s frecuentes<\/strong><\/p>\n<p>1.Q: \u00bfD\u00f3nde est\u00e1 ubicada su f\u00e1brica?<\/p>\n<p>R: Nuestra f\u00e1brica tiene su sede en la ciudad costera de belleza, Qinhuangdao, China<\/p>\n<p>2.Q: \u00bfQu\u00e9 fabrica su empresa y cu\u00e1les son los principales productos de su empresa?<\/p>\n<p>R\uff1aContec Medical Systems Co., Ltd. se enfoca en la investigaci\u00f3n, fabricaci\u00f3n y distribuci\u00f3n de dispositivos m\u00e9dicos, fue fundada en 1996 como una empresa de alta tecnolog\u00eda. CONTEC cubre un \u00e1rea de 125 acres y un \u00e1rea de construcci\u00f3n de m\u00e1s de 100000 metros cuadrados, que es una de las bases m\u00e1s grandes para I + D y producci\u00f3n de dispositivos m\u00e9dicos en China.<\/p>\n<p>3.Q: \u00bfCu\u00e1les son las ventajas de su empresa?<\/p>\n<p>R: La principal competencia de Contec es que integra la capacidad de dise\u00f1o, investigaci\u00f3n y desarrollo, dise\u00f1o de herramientas, SMT, producci\u00f3n y empaque sin subcontrataci\u00f3n. La integraci\u00f3n de varias capacidades asegura la eficiencia de la producci\u00f3n y la calidad del producto, reduce el costo y mejora la competitividad del mercado.<\/p>\n<p>Tambi\u00e9n tenemos un certificado completo como CE\/ISO y FDA, etc., y somos una empresa que cotiza en China, lo que significa que tenemos una buena garant\u00eda de calidad.<\/p>\n<p>4.Q: \u00bfApoya el env\u00edo gratuito de muestras?<\/p>\n<p>R: S\u00ed, admitimos ciertos productos peque\u00f1os, pero necesitamos que nos proporcione la informaci\u00f3n detallada de su empresa que nos respaldar\u00eda en la solicitud de muestras gratuitas. O puede optar por comprar la muestra a un precio con descuento.<\/p>\n<p>5. P: \u00bfAdmite OEM\/ODM?<\/p>\n<p>R: S\u00ed, admitimos todo tipo de OEM\/ODM y etiquetas privadas, puede elegir su propio dise\u00f1o con nuestros productos actuales para una r\u00e1pida promoci\u00f3n en el mercado.<\/p>\n<p>6.Q: \u00bfCu\u00e1l es su garant\u00eda?<\/p>\n<p>R: Nuestra garant\u00eda es de 18 meses para m\u00e1quinas y 6 meses para accesorios.<\/p>\n<p>7. \u00bfPuedo obtener un buen descuento cuando realizo el pedido?<\/p>\n<p>Puede consultar a nuestro representante de ventas para obtener un descuento.<\/p>\n<p>Para obtener m\u00e1s informaci\u00f3n, haga clic en \u00abCont\u00e1ctenos\u00bb arriba o \u00abpreg\u00fantenos\u00bb en la esquina derecha. Responderemos tan pronto como podamos.<\/p>\n<p><img loading=\"lazy\" decoding=\"async\" class=\"alignnone size-medium wp-image-101\" src=\"https:\/\/contecmedsystem.co\/wp-content\/uploads\/2023\/09\/contec-194x300.webp\" alt=\"\" width=\"194\" height=\"300\" srcset=\"https:\/\/contecmedsystem.com.co\/wp-content\/uploads\/2023\/09\/contec-194x300.webp 194w, https:\/\/contecmedsystem.com.co\/wp-content\/uploads\/2023\/09\/contec-600x929.webp 600w, https:\/\/contecmedsystem.com.co\/wp-content\/uploads\/2023\/09\/contec-661x1024.webp 661w, https:\/\/contecmedsystem.com.co\/wp-content\/uploads\/2023\/09\/contec-768x1189.webp 768w, https:\/\/contecmedsystem.com.co\/wp-content\/uploads\/2023\/09\/contec-992x1536.webp 992w, https:\/\/contecmedsystem.com.co\/wp-content\/uploads\/2023\/09\/contec.webp 1060w\" sizes=\"auto, (max-width: 194px) 100vw, 194px\" \/><\/p>\n","protected":false},"excerpt":{"rendered":"<p>Preguntas m\u00e1s frecuentes 1.Q: \u00bfD\u00f3nde est\u00e1 ubicada su f\u00e1brica? R: Nuestra f\u00e1brica tiene su sede en la ciudad costera de belleza, Qinhuangdao, China 2.Q: \u00bfQu\u00e9 fabrica su empresa y cu\u00e1les son los principales productos de su empresa? R\uff1aContec Medical Systems Co., Ltd. se enfoca en la investigaci\u00f3n, fabricaci\u00f3n y distribuci\u00f3n de dispositivos m\u00e9dicos, fue fundada &hellip;<\/p>\n<p class=\"read-more\"> <a class=\"\" href=\"https:\/\/contecmedsystem.com.co\/index.php\/producto\/contec10e-portatil-bebe-corazon-amplificador-digital-bolsillo-fetal-doppler-precio-barato\/\"> <span class=\"screen-reader-text\">CONTEC10E port\u00e1til beb\u00e9 coraz\u00f3n amplificador digital bolsillo fetal doppler precio barato<\/span> Leer m\u00e1s &raquo;<\/a><\/p>\n","protected":false},"featured_media":100,"comment_status":"open","ping_status":"closed","template":"","meta":{"site-sidebar-layout":"default","site-content-layout":"","ast-site-content-layout":"default","site-content-style":"default","site-sidebar-style":"default","ast-global-header-display":"","ast-banner-title-visibility":"","ast-main-header-display":"","ast-hfb-above-header-display":"","ast-hfb-below-header-display":"","ast-hfb-mobile-header-display":"","site-post-title":"","ast-breadcrumbs-content":"","ast-featured-img":"","footer-sml-layout":"","theme-transparent-header-meta":"default","adv-header-id-meta":"","stick-header-meta":"","header-above-stick-meta":"","header-main-stick-meta":"","header-below-stick-meta":"","astra-migrate-meta-layouts":"set"},"product_cat":[20],"product_tag":[],"class_list":["post-99","product","type-product","status-publish","has-post-thumbnail","hentry","product_cat-doppler-fetal","desktop-align-left","tablet-align-left","mobile-align-left"],"yoast_head":"<!-- This site is optimized with the Yoast SEO plugin v21.2 - https:\/\/yoast.com\/wordpress\/plugins\/seo\/ -->\n<title>CONTEC10E port\u00e1til beb\u00e9 coraz\u00f3n amplificador digital bolsillo fetal doppler precio barato - Contec Med System<\/title>\n<meta name=\"robots\" content=\"index, follow, max-snippet:-1, max-image-preview:large, max-video-preview:-1\" \/>\n<link rel=\"canonical\" href=\"https:\/\/contecmedsystem.com.co\/index.php\/producto\/contec10e-portatil-bebe-corazon-amplificador-digital-bolsillo-fetal-doppler-precio-barato\/\" \/>\n<meta property=\"og:locale\" content=\"es_ES\" \/>\n<meta property=\"og:type\" content=\"article\" \/>\n<meta property=\"og:title\" content=\"CONTEC10E port\u00e1til beb\u00e9 coraz\u00f3n amplificador digital bolsillo fetal doppler precio barato - Contec Med System\" \/>\n<meta property=\"og:description\" content=\"Preguntas m\u00e1s frecuentes 1.Q: \u00bfD\u00f3nde est\u00e1 ubicada su f\u00e1brica? R: Nuestra f\u00e1brica tiene su sede en la ciudad costera de belleza, Qinhuangdao, China 2.Q: \u00bfQu\u00e9 fabrica su empresa y cu\u00e1les son los principales productos de su empresa? R\uff1aContec Medical Systems Co., Ltd. se enfoca en la investigaci\u00f3n, fabricaci\u00f3n y distribuci\u00f3n de dispositivos m\u00e9dicos, fue fundada &hellip; CONTEC10E port\u00e1til beb\u00e9 coraz\u00f3n amplificador digital bolsillo fetal doppler precio barato Leer m\u00e1s &raquo;\" \/>\n<meta property=\"og:url\" content=\"https:\/\/contecmedsystem.com.co\/index.php\/producto\/contec10e-portatil-bebe-corazon-amplificador-digital-bolsillo-fetal-doppler-precio-barato\/\" \/>\n<meta property=\"og:site_name\" content=\"Contec Med System\" \/>\n<meta property=\"og:image\" content=\"https:\/\/contecmedsystem.com.co\/wp-content\/uploads\/2023\/09\/contec-10-e-e1693935355208.webp\" \/>\n\t<meta property=\"og:image:width\" content=\"915\" \/>\n\t<meta property=\"og:image:height\" content=\"636\" \/>\n\t<meta property=\"og:image:type\" content=\"image\/webp\" \/>\n<meta name=\"twitter:card\" content=\"summary_large_image\" \/>\n<meta name=\"twitter:label1\" content=\"Tiempo de lectura\" \/>\n\t<meta name=\"twitter:data1\" content=\"2 minutos\" \/>\n<script type=\"application\/ld+json\" class=\"yoast-schema-graph\">{\"@context\":\"https:\/\/schema.org\",\"@graph\":[{\"@type\":\"WebPage\",\"@id\":\"https:\/\/contecmedsystem.com.co\/index.php\/producto\/contec10e-portatil-bebe-corazon-amplificador-digital-bolsillo-fetal-doppler-precio-barato\/\",\"url\":\"https:\/\/contecmedsystem.com.co\/index.php\/producto\/contec10e-portatil-bebe-corazon-amplificador-digital-bolsillo-fetal-doppler-precio-barato\/\",\"name\":\"CONTEC10E port\u00e1til beb\u00e9 coraz\u00f3n amplificador digital bolsillo fetal doppler precio barato - Contec Med System\",\"isPartOf\":{\"@id\":\"https:\/\/contecmedsystem.com.co\/#website\"},\"datePublished\":\"2023-09-05T17:36:58+00:00\",\"dateModified\":\"2023-09-05T17:36:58+00:00\",\"breadcrumb\":{\"@id\":\"https:\/\/contecmedsystem.com.co\/index.php\/producto\/contec10e-portatil-bebe-corazon-amplificador-digital-bolsillo-fetal-doppler-precio-barato\/#breadcrumb\"},\"inLanguage\":\"es\",\"potentialAction\":[{\"@type\":\"ReadAction\",\"target\":[\"https:\/\/contecmedsystem.com.co\/index.php\/producto\/contec10e-portatil-bebe-corazon-amplificador-digital-bolsillo-fetal-doppler-precio-barato\/\"]}]},{\"@type\":\"BreadcrumbList\",\"@id\":\"https:\/\/contecmedsystem.com.co\/index.php\/producto\/contec10e-portatil-bebe-corazon-amplificador-digital-bolsillo-fetal-doppler-precio-barato\/#breadcrumb\",\"itemListElement\":[{\"@type\":\"ListItem\",\"position\":1,\"name\":\"Portada\",\"item\":\"https:\/\/contecmedsystem.com.co\/\"},{\"@type\":\"ListItem\",\"position\":2,\"name\":\"Productos\",\"item\":\"https:\/\/contecmedsystem.com.co\/index.php\/tienda\/\"},{\"@type\":\"ListItem\",\"position\":3,\"name\":\"CONTEC10E port\u00e1til beb\u00e9 coraz\u00f3n amplificador digital bolsillo fetal doppler precio barato\"}]},{\"@type\":\"WebSite\",\"@id\":\"https:\/\/contecmedsystem.com.co\/#website\",\"url\":\"https:\/\/contecmedsystem.com.co\/\",\"name\":\"Contec Med System\",\"description\":\"\",\"publisher\":{\"@id\":\"https:\/\/contecmedsystem.com.co\/#organization\"},\"potentialAction\":[{\"@type\":\"SearchAction\",\"target\":{\"@type\":\"EntryPoint\",\"urlTemplate\":\"https:\/\/contecmedsystem.com.co\/?s={search_term_string}\"},\"query-input\":\"required name=search_term_string\"}],\"inLanguage\":\"es\"},{\"@type\":\"Organization\",\"@id\":\"https:\/\/contecmedsystem.com.co\/#organization\",\"name\":\"Contec Med System\",\"url\":\"https:\/\/contecmedsystem.com.co\/\",\"logo\":{\"@type\":\"ImageObject\",\"inLanguage\":\"es\",\"@id\":\"https:\/\/contecmedsystem.com.co\/#\/schema\/logo\/image\/\",\"url\":\"https:\/\/contecmedsystem.co\/wp-content\/uploads\/2023\/09\/logopng.png\",\"contentUrl\":\"https:\/\/contecmedsystem.co\/wp-content\/uploads\/2023\/09\/logopng.png\",\"width\":500,\"height\":97,\"caption\":\"Contec Med System\"},\"image\":{\"@id\":\"https:\/\/contecmedsystem.com.co\/#\/schema\/logo\/image\/\"}}]}<\/script>\n<!-- \/ Yoast SEO plugin. -->","yoast_head_json":{"title":"CONTEC10E port\u00e1til beb\u00e9 coraz\u00f3n amplificador digital bolsillo fetal doppler precio barato - Contec Med System","robots":{"index":"index","follow":"follow","max-snippet":"max-snippet:-1","max-image-preview":"max-image-preview:large","max-video-preview":"max-video-preview:-1"},"canonical":"https:\/\/contecmedsystem.com.co\/index.php\/producto\/contec10e-portatil-bebe-corazon-amplificador-digital-bolsillo-fetal-doppler-precio-barato\/","og_locale":"es_ES","og_type":"article","og_title":"CONTEC10E port\u00e1til beb\u00e9 coraz\u00f3n amplificador digital bolsillo fetal doppler precio barato - Contec Med System","og_description":"Preguntas m\u00e1s frecuentes 1.Q: \u00bfD\u00f3nde est\u00e1 ubicada su f\u00e1brica? R: Nuestra f\u00e1brica tiene su sede en la ciudad costera de belleza, Qinhuangdao, China 2.Q: \u00bfQu\u00e9 fabrica su empresa y cu\u00e1les son los principales productos de su empresa? R\uff1aContec Medical Systems Co., Ltd. se enfoca en la investigaci\u00f3n, fabricaci\u00f3n y distribuci\u00f3n de dispositivos m\u00e9dicos, fue fundada &hellip; CONTEC10E port\u00e1til beb\u00e9 coraz\u00f3n amplificador digital bolsillo fetal doppler precio barato Leer m\u00e1s &raquo;","og_url":"https:\/\/contecmedsystem.com.co\/index.php\/producto\/contec10e-portatil-bebe-corazon-amplificador-digital-bolsillo-fetal-doppler-precio-barato\/","og_site_name":"Contec Med System","og_image":[{"width":915,"height":636,"url":"https:\/\/contecmedsystem.com.co\/wp-content\/uploads\/2023\/09\/contec-10-e-e1693935355208.webp","type":"image\/webp"}],"twitter_card":"summary_large_image","twitter_misc":{"Tiempo de lectura":"2 minutos"},"schema":{"@context":"https:\/\/schema.org","@graph":[{"@type":"WebPage","@id":"https:\/\/contecmedsystem.com.co\/index.php\/producto\/contec10e-portatil-bebe-corazon-amplificador-digital-bolsillo-fetal-doppler-precio-barato\/","url":"https:\/\/contecmedsystem.com.co\/index.php\/producto\/contec10e-portatil-bebe-corazon-amplificador-digital-bolsillo-fetal-doppler-precio-barato\/","name":"CONTEC10E port\u00e1til beb\u00e9 coraz\u00f3n amplificador digital bolsillo fetal doppler precio barato - Contec Med System","isPartOf":{"@id":"https:\/\/contecmedsystem.com.co\/#website"},"datePublished":"2023-09-05T17:36:58+00:00","dateModified":"2023-09-05T17:36:58+00:00","breadcrumb":{"@id":"https:\/\/contecmedsystem.com.co\/index.php\/producto\/contec10e-portatil-bebe-corazon-amplificador-digital-bolsillo-fetal-doppler-precio-barato\/#breadcrumb"},"inLanguage":"es","potentialAction":[{"@type":"ReadAction","target":["https:\/\/contecmedsystem.com.co\/index.php\/producto\/contec10e-portatil-bebe-corazon-amplificador-digital-bolsillo-fetal-doppler-precio-barato\/"]}]},{"@type":"BreadcrumbList","@id":"https:\/\/contecmedsystem.com.co\/index.php\/producto\/contec10e-portatil-bebe-corazon-amplificador-digital-bolsillo-fetal-doppler-precio-barato\/#breadcrumb","itemListElement":[{"@type":"ListItem","position":1,"name":"Portada","item":"https:\/\/contecmedsystem.com.co\/"},{"@type":"ListItem","position":2,"name":"Productos","item":"https:\/\/contecmedsystem.com.co\/index.php\/tienda\/"},{"@type":"ListItem","position":3,"name":"CONTEC10E port\u00e1til beb\u00e9 coraz\u00f3n amplificador digital bolsillo fetal doppler precio barato"}]},{"@type":"WebSite","@id":"https:\/\/contecmedsystem.com.co\/#website","url":"https:\/\/contecmedsystem.com.co\/","name":"Contec Med System","description":"","publisher":{"@id":"https:\/\/contecmedsystem.com.co\/#organization"},"potentialAction":[{"@type":"SearchAction","target":{"@type":"EntryPoint","urlTemplate":"https:\/\/contecmedsystem.com.co\/?s={search_term_string}"},"query-input":"required name=search_term_string"}],"inLanguage":"es"},{"@type":"Organization","@id":"https:\/\/contecmedsystem.com.co\/#organization","name":"Contec Med System","url":"https:\/\/contecmedsystem.com.co\/","logo":{"@type":"ImageObject","inLanguage":"es","@id":"https:\/\/contecmedsystem.com.co\/#\/schema\/logo\/image\/","url":"https:\/\/contecmedsystem.co\/wp-content\/uploads\/2023\/09\/logopng.png","contentUrl":"https:\/\/contecmedsystem.co\/wp-content\/uploads\/2023\/09\/logopng.png","width":500,"height":97,"caption":"Contec Med System"},"image":{"@id":"https:\/\/contecmedsystem.com.co\/#\/schema\/logo\/image\/"}}]}},"_links":{"self":[{"href":"https:\/\/contecmedsystem.com.co\/index.php\/wp-json\/wp\/v2\/product\/99","targetHints":{"allow":["GET"]}}],"collection":[{"href":"https:\/\/contecmedsystem.com.co\/index.php\/wp-json\/wp\/v2\/product"}],"about":[{"href":"https:\/\/contecmedsystem.com.co\/index.php\/wp-json\/wp\/v2\/types\/product"}],"replies":[{"embeddable":true,"href":"https:\/\/contecmedsystem.com.co\/index.php\/wp-json\/wp\/v2\/comments?post=99"}],"wp:featuredmedia":[{"embeddable":true,"href":"https:\/\/contecmedsystem.com.co\/index.php\/wp-json\/wp\/v2\/media\/100"}],"wp:attachment":[{"href":"https:\/\/contecmedsystem.com.co\/index.php\/wp-json\/wp\/v2\/media?parent=99"}],"wp:term":[{"taxonomy":"product_cat","embeddable":true,"href":"https:\/\/contecmedsystem.com.co\/index.php\/wp-json\/wp\/v2\/product_cat?post=99"},{"taxonomy":"product_tag","embeddable":true,"href":"https:\/\/contecmedsystem.com.co\/index.php\/wp-json\/wp\/v2\/product_tag?post=99"}],"curies":[{"name":"wp","href":"https:\/\/api.w.org\/{rel}","templated":true}]}}